{"id":1060,"date":"2023-03-02T15:42:19","date_gmt":"2023-03-02T15:42:19","guid":{"rendered":"https:\/\/herostrategy.de\/?page_id=1060"},"modified":"2023-03-02T15:46:02","modified_gmt":"2023-03-02T15:46:02","slug":"agb","status":"publish","type":"page","link":"https:\/\/herostrategy.de\/en\/agb\/","title":{"rendered":"Conditions"},"content":{"rendered":"<div data-elementor-type=\"wp-page\" data-elementor-id=\"1060\" class=\"elementor elementor-1060\" data-elementor-post-type=\"page\">\n\t\t\t\t\t\t<section class=\"elementor-section elementor-top-section elementor-element elementor-element-29b4bf8 elementor-section-boxed elementor-section-height-default elementor-section-height-default\" data-id=\"29b4bf8\" data-element_type=\"section\" data-e-type=\"section\">\n\t\t\t\t\t\t<div class=\"elementor-container elementor-column-gap-default\">\n\t\t\t\t\t<div class=\"elementor-column elementor-col-100 elementor-top-column elementor-element elementor-element-747a03d\" data-id=\"747a03d\" data-element_type=\"column\" data-e-type=\"column\">\n\t\t\t<div class=\"elementor-widget-wrap elementor-element-populated\">\n\t\t\t\t\t\t<div class=\"elementor-element elementor-element-8fac65e elementor-widget elementor-widget-text-editor\" data-id=\"8fac65e\" data-element_type=\"widget\" data-e-type=\"widget\" data-widget_type=\"text-editor.default\">\n\t\t\t\t<div class=\"elementor-widget-container\">\n\t\t\t\t\t\t\t\t\t<p>Conditions<\/p>\t\t\t\t\t\t\t\t<\/div>\n\t\t\t\t<\/div>\n\t\t\t\t<div class=\"elementor-element elementor-element-0d73e8a elementor-widget elementor-widget-text-editor\" data-id=\"0d73e8a\" data-element_type=\"widget\" data-e-type=\"widget\" data-widget_type=\"text-editor.default\">\n\t\t\t\t<div class=\"elementor-widget-container\">\n\t\t\t\t\t\t\t\t\t<p style=\"font-weight: 400;\"><strong>Allgemeine Gesch\u00e4ftsbedingungen<\/strong> der Hero Products &amp; People GmbH<\/p>\t\t\t\t\t\t\t\t<\/div>\n\t\t\t\t<\/div>\n\t\t\t\t<div class=\"elementor-element elementor-element-71756d3 elementor-widget elementor-widget-text-editor\" data-id=\"71756d3\" data-element_type=\"widget\" data-e-type=\"widget\" data-widget_type=\"text-editor.default\">\n\t\t\t\t<div class=\"elementor-widget-container\">\n\t\t\t\t\t\t\t\t\t<p>Stand: M\u00e4rz 2023<\/p>\t\t\t\t\t\t\t\t<\/div>\n\t\t\t\t<\/div>\n\t\t\t\t<div class=\"elementor-element elementor-element-9238aea elementor-widget elementor-widget-text-editor\" data-id=\"9238aea\" data-element_type=\"widget\" data-e-type=\"widget\" data-widget_type=\"text-editor.default\">\n\t\t\t\t<div class=\"elementor-widget-container\">\n\t\t\t\t\t\t\t\t\t<p style=\"font-weight: 400;\"><strong>\u00a7 1 Anwendungsbereich<br \/><br \/><\/strong>1. Diese Allgemeinen Gesch\u00e4ftsbedingungen finden auf alle Vertr\u00e4ge zwischen der Hero Products &amp; People GmbH (Hero) und ihren Auftraggebern Anwendung. Entgegenstehende oder abweichende Gesch\u00e4fts-, Vertrags- und\/oder Einkaufsbedingungen werden nicht anerkannt, es sei denn, Ihrer Geltung wird schriftlich zugestimmt.<\/p><p style=\"font-weight: 400;\">2. Soweit zwischen den Vertragsparteien auch individualvertragliche Vereinbarungen getroffen worden sind, haben diese Vorrang vor den Bestimmungen dieser allgemeinen Gesch\u00e4ftsbedingungen. Diese allgemeinen Gesch\u00e4ftsbedingungen gelten dann nur erg\u00e4nzend, sofern und soweit im Individualvertrag nichts oder nichts Abweichendes geregelt ist.<\/p><div>\u00a0<\/div><div><strong>\u00a7 2 Leistungen von Hero<br \/><br \/><\/strong><\/div><div><div>1. Die Vertragsparteien sind sich dar\u00fcber einig, dass die Hero Products &amp; People GmbH nur die Erbringung von Dienstleistungen schuldet, nicht jedoch die Herstellung eines Werks oder die Herbeif\u00fchrung eines bestimmten Erfolges. Die Vertragsparteien sind sich ferner dar\u00fcber einig, dass sich am ausschlie\u00dflich dienstvertraglichen Charakter der Leistungspflicht der Hero Products &amp; People GmbH auch dann nichts \u00e4ndert, wenn diese sich zur schriftlichen Aufzeichnung der Ergebnisse ihrer Dienstleistung sowie zur Erstellung und \u00dcbergabe entsprechender Berichte, Studien und dergleichen verpflichtet. Derartige schriftliche Berichte, Studien und dergleichen stellen \u2013 sofern nicht ausdr\u00fccklich etwas anderes vereinbart ist \u2013 insbesondere keine Gutachten dar, sondern geben nur den wesentlichen Inhalt des Ablaufs und des Ergebnisses der Dienstleistungen wieder.<\/div><div>\u00a0<\/div><div>2. Die Hero Products &amp; People GmbH ist berechtigt, sich zur Durchf\u00fchrung des Auftrages fachkundiger Dritter als Unterauftragnehmer zu bedienen. Die Vertragsparteien sind sich ferner dar\u00fcber einig, dass die Hero Products &amp; People GmbH keine rechtsberatenden, steuerberatenden oder zur T\u00e4tigkeit von Wirtschaftspr\u00fcfern geh\u00f6renden T\u00e4tigkeiten schuldet oder leistet. Soweit die Hero Products &amp; People GmbH f\u00fcr die Erbringung solcher T\u00e4tigkeiten durch die Einschaltung entsprechender Berufstr\u00e4ger sorgt, handelt sie nur als Vermittler, ohne selbst<\/div><div>Schuldner\/Vertragspartner solcher T\u00e4tigkeiten zu werden.<\/div><div>\u00a0<\/div><div>3. Die Vertragsparteien sind sich dar\u00fcber einig, dass die Hero Products &amp; People GmbH nicht dazu verpflichtet ist, die dieser schriftlich oder m\u00fcndlich erteilten Informationen, Daten oder Unterlagen auf deren sachliche, rechnerische oder rechtliche Richtigkeit, Vollst\u00e4ndigkeit oder Ordnungsm\u00e4\u00dfigkeit hin zu \u00fcberpr\u00fcfen. Falls die Hero Products &amp; People GmbH jedoch erkennt, dass die ihr schriftlich oder m\u00fcndlich erteilten Informationen, Daten oder Unterlagen offensichtlich unrichtig, unvollst\u00e4ndig oder nicht ordnungsgem\u00e4\u00df sind, wird sie darauf hinweisen.<\/div><div>\u00a0<\/div><div>4. Der Auftraggeber hat Anspruch auf die Beseitigung etwaiger M\u00e4ngel. Dieser Anspruch muss unverz\u00fcglich geltend gemacht werden. Der Hero Products &amp; People GmbH ist Gelegenheit zur Nachbesserung zu geben.<\/div><\/div><div>\u00a0<\/div><div><strong>\u00a7 3 Aufbewahrung von Unterlagen<\/strong><\/div><div>\u00a0<\/div><div>Die Hero Products &amp; People GmbH ist zur Aufbewahrung der ihr zum Zwecke der Erbringung der geschuldeten Dienstleistungen vom Auftraggeber \u00fcbergebenen Unterlagen nicht mehr verpflichtet, wenn seit dem Tag der Beendigung des Vertragsverh\u00e4ltnisses drei Jahre vergangen sind oder seit einer schriftlichen Aufforderung an den Auftraggeber, die Unterlagen abzuholen, ein halbes Jahr vergangen ist.<\/div><div>\u00a0<\/div><div><strong>\u00a7 4 Mitwirkungspflicht<\/strong><\/div><div>\u00a0<\/div><div><div>1. Der Auftraggeber ist verpflichtet, die Hero Products &amp; People GmbH nach Kr\u00e4ften zu unterst\u00fctzen, namentlich alle zur Auftragsdurchf\u00fchrung erforderlichen Informationen und Unterlagen zu \u00fcbermitteln, und in seiner Betriebssph\u00e4re alle zur ordnungsgem\u00e4\u00dfen Auftragsausf\u00fchrung notwendigen Voraussetzungen zu schaffen.<\/div><div>\u00a0<\/div><div>2. Der Auftraggeber ist ferner verpflichtet, der Hero Products &amp; People GmbH eine oder mehrere Personen zu benennen, die dazu erm\u00e4chtigt sind, f\u00fcr den Auftraggeber verbindlich alle zur Erbringung der geschuldeten Dienstleistung notwendigen Erkl\u00e4rungen abzugeben.<\/div><\/div><div>\u00a0<\/div><div><strong>\u00a7 5 Datenschutz, Daten\u00fcbermittlung<\/strong><\/div><div>\u00a0<\/div><div>1. Der Auftraggeber ist damit einverstanden, dass der Daten- und Informationsaustausch in der Zusammenarbeit mit dem Auftraggeber und mit allen Projektbeteiligten auch \u00fcber unverschl\u00fcsselte E-Mails erfolgt. Sofern der Auftraggeber w\u00fcnscht, dass Daten nicht \u00fcber unverschl\u00fcsselte E-Mails und E-Mail-Anh\u00e4nge versendet werden, wird er dies \u2013 entweder im Einzelfall oder generell \u2013 dem Auftragnehmer schriftlich mitteilen. In diesem Fall werden dann E-Mail-Anh\u00e4nge verschl\u00fcsselt versendet, die der Auftraggeber nur mit Kennwort \u00f6ffnen kann. Sowohl f\u00fcr den Datenversand vom Auftraggeber zum Auftragnehmer wie auch umgekehrt sind, sofern Verschl\u00fcsselung gew\u00fcnscht wird, Ver- und Entschl\u00fcsselungsmethoden zu verwenden, die mit Standardsoftware (insbesondere Microsoft Office, Microsoft Outlook, Adobe) ohne Zusatzinstallationen anwendbar sind.<\/div><div>\u00a0<\/div><div><div>2. Die Hero Products &amp; People GmbH ist berechtigt, ihr anvertraute personenbezogene Daten des Auftraggebers und dessen Mitarbeitern im Rahmen ihrer T\u00e4tigkeit maschinell zu erheben, automatisiert zu verarbeiten und zu speichern sowie \u2013 im Rahmen des Auftragsgegenstandes \u2013 ggf. einem Dienstleistungsrechenzentrum oder anderen geeigneten Dritten zur weiteren Auftragsdatenverarbeitung zu \u00fcbertragen. Bei Einschaltung Dritter hat die Hero Products &amp; People GmbH deren Verpflichtung zur Verschwiegenheit sicherzustellen.<\/div><div>\u00a0<\/div><div>3. Dem Auftraggeber ist bekannt, dass der Inhalt unverschl\u00fcsselter Emails bzw. deren Anh\u00e4nge m\u00f6glicherweise von unbefugten Dritten gelesen werden k\u00f6nnen. Gleichwohl erkl\u00e4rt sich der Auftraggeber mit einer Kommunikation sowie einer \u00dcbermittlung von Unterlagen per unverschl\u00fcsselter Email einverstanden. Sollte der Auftraggeber eine andere Kommunikationstechnik w\u00fcnschen, wird er dies der Hero Products &amp; People GmbH mitteilen.<\/div><\/div><div>\u00a0<\/div><div><strong>\u00a7 6 Rechte an den Arbeitsergebnissen<\/strong><\/div><div>\u00a0<\/div><div><div>1. S\u00e4mtliche Urheberrechte oder Rechte aus erg\u00e4nzendem wettbewerbsrechtlichem Leistungsschutz an allen von der Hero Products &amp; People GmbH zum Zwecke der Erbringung der geschuldeten Dienstleistungen erstellten Schriftst\u00fccken stehen ausschlie\u00dflich der Hero Products &amp; People GmbH zu.<\/div><div>\u00a0<\/div><div>2. Die Nutzung, Vervielf\u00e4ltigung und Ver\u00f6ffentlichung solcher von der Hero Products &amp; People GmbH zum Zwecke der Erbringung der geschuldeten Dienstleistungen erstellten Schriftst\u00fccke ist dem Auftraggeber nur f\u00fcr seinen eigenen Betrieb zu den vertraglich vorausgesetzten Zwecken gestattet.<\/div><\/div><div>\u00a0<\/div><div>3. Die Weitergabe der Arbeitsergebnisse der Hero Products &amp; People GmbH an Dritte bedarf der schriftlichen Zustimmung der Hero Products &amp; People GmbH, soweit sich nicht bereits aus dem Auftragsinhalt die Zustimmung zur Weitergabe ergibt.<\/div><div>\u00a0<\/div><div><strong>\u00a7 7 Zur\u00fcckbehaltungsrecht<\/strong><\/div><div>\u00a0<\/div><div>Der Hero Products &amp; People GmbH steht bis zur vollst\u00e4ndigen Erf\u00fcllung ihrer Anspr\u00fcche aus dem Vertragsverh\u00e4ltnis ein Zur\u00fcckbehaltungsrecht an den ihr vom Auftraggeber zum Zwecke der Erbringung der geschuldeten Dienstleistungen \u00fcbergebenen Unterlagen zu. Dieses Zur\u00fcckbehaltungsrecht besteht nicht, sofern und soweit dem Auftraggeber dadurch ein auch unter Ber\u00fccksichtigung des Erf\u00fcllungsinteresses der Hero Products &amp; People GmbH unverh\u00e4ltnism\u00e4\u00dfiger Nachteil zugef\u00fcgt w\u00fcrde.<\/div><div>\u00a0<\/div><div><strong>\u00a7 8 Verg\u00fctung<\/strong><\/div><div>\u00a0<\/div><div><div>1. Sofern keine abweichende Regelung getroffen wurde, gilt die \u00fcbliche Verg\u00fctung sowie die Erstattung von Aufwendungen in \u00fcblicher H\u00f6he als vereinbart.<\/div><div>\u00a0<\/div><div>2. Die Hero Products &amp; People GmbH ist berechtigt, alle 14 Tage nach Beginn des Vertragsverh\u00e4ltnisses \u00fcber die geleisteten Arbeiten abzurechnen. Das Honorar ist sofort nach Rechnungsstellung f\u00e4llig.<\/div><div>\u00a0<\/div><div>3. Neben dem Honoraranspruch gem\u00e4\u00df Absatz 1 steht der Hero Products &amp; People GmbH noch ein Anspruch auf Ersatz aller zur Erbringung der geschuldeten Dienstleistungen gemachten Aufwendungen und Auslagen zu.<\/div><div>\u00a0<\/div><div>4. Gegen den Honoraranspruch und den Aufwendungsersatzanspruch kann der Auftraggeber nur mit unbestrittenen oder rechtskr\u00e4ftig festgestellten Forderungen die Aufrechnung erkl\u00e4ren.<\/div><div>\u00a0<\/div><div>5. Die Umsatzsteuer wird jeweils in der gesetzlichen H\u00f6he berechnet.<\/div><div>\u00a0<\/div><div>6. Mehrere Auftraggeber desselben Auftrages haften f\u00fcr die Verg\u00fctung als Gesamtschuldner.<\/div><div>\u00a0<\/div><div>7. Mit Zahlung von Rechnungen der Hero Products &amp; People GmbH durch den Auftraggeber oder von diesem beauftragte Dritte gelten die mit der jeweiligen Rechnung geltend gemachten Forderungen als anerkannt. R\u00fcckforderungsanspr\u00fcche sind ausgeschlossen.<\/div><div>\u00a0<\/div><div>8. Einwendungen gegen Rechnungen der Hero Products &amp; People GmbH sind sp\u00e4testens innerhalb vier Wochen nach Zugang geltend zu machen; sp\u00e4tere Einwendungen sind ausgeschlossen.<\/div><div>\u00a0<\/div><div>9. Endet der Auftrag vor seiner vollst\u00e4ndigen Ausf\u00fchrung, erh\u00e4lt die Hero Products &amp; People GmbH einen dem Umfang ihrer bis zur Beendigung des Auftrags geleisteten T\u00e4tigkeit entsprechenden Anteil der Verg\u00fctung. Wird der Auftrag aus Gr\u00fcnden, die der Auftraggeber zu vertreten hat, vorzeitig beendet, so hat die Hero Products &amp; People GmbH zus\u00e4tzlich f\u00fcr den Zeitraum von der Beendigung des Auftrags bis zum Ablauf der vereinbarten ordentlichen K\u00fcndigungsfrist Anspruch auf 90% der ihr f\u00fcr diesen Zeitraum zustehenden Verg\u00fctung. Die Vertragsparteien haben die M\u00f6glichkeit, einen geringeren bzw. h\u00f6heren Schaden nachzuweisen.<\/div><\/div><div>\u00a0<\/div><div><strong>\u00a7 9 Verschwiegenheit<\/strong><\/div><div>\u00a0<\/div><div>Die Hero Products &amp; People GmbH verpflichtet sich, \u00fcber alle Tatsachen, die ihr im Zusammenhang mit der Auftragsdurchf\u00fchrung zur Kenntnis gelangen, Stillschweigen zu bewahren, es sei denn, dass der Auftraggeber sie von dieser Verpflichtung entbindet. Die Verschwiegenheitspflicht besteht nicht, soweit die Offenlegung zur Wahrung berechtigter Interessen der Hero Products &amp; People GmbH erforderlich ist. Die Hero Products &amp; People GmbH ist auch insoweit von der Verschwiegenheitspflicht entbunden, als sie nach den Versicherungsbedingungen ihrer Berufshaftpflichtversicherung zur Information und Mitwirkung verpflichtet ist. Die Verschwiegenheitspflicht gilt nicht gegen\u00fcber den kreditgebenden Banken des Auftraggebers.\u00a0<\/div><div>\u00a0<\/div><div><strong>\u00a7 10 Haftung<\/strong><\/div><div>\u00a0<\/div><div>Die Haftung der Hero Products &amp; People GmbH f\u00fcr Sch\u00e4den des Auftraggebers ist ausgeschlossen, soweit nicht eine vors\u00e4tzliche oder grob fahrl\u00e4ssige Pflichtverletzung vorliegt; sie ist im Falle von grober Fahrl\u00e4ssigkeit der H\u00f6he nach auf EUR 25.000,00 je Schadensfall begrenzt. Die Hero Products &amp; People GmbH haftet jedoch f\u00fcr Sch\u00e4den aus der schuldhaften Verletzung von Leben, K\u00f6rper und Gesundheit sowie Sch\u00e4den aus der schuldhaften Verletzung wesentlicher Vertragspflichten (sog. Kardinalpflichten); bei letzteren ist im Falle leichter Fahrl\u00e4ssigkeit die Haftung jedoch der H\u00f6he nach begrenzt auf die zum Zeitpunkt des Vertragsbeginns vorhersehbaren vertragstypischen Sch\u00e4den. Die Hero Products &amp; People GmbH haftet nicht f\u00fcr Produktionsausfall und entgangenen Gewinn bei dem Auftraggeber. Die Haftung f\u00fcr den Erfolg oder die Erreichung bestimmter Ziele des Auftraggebers ist grunds\u00e4tzlich ausgeschlossen, es sei denn, es wird ausdr\u00fccklich schriftlich etwas anderes vereinbart.<\/div><div>\u00a0<\/div><div><strong>\u00a7 11 Verj\u00e4hrung<\/strong><\/div><div>\u00a0<\/div><div>S\u00e4mtliche aus dem Vertragsverh\u00e4ltnis resultierenden Anspr\u00fcche des Auftraggebers gegen die Hero Products &amp; People GmbH verj\u00e4hren nach 2 Jahren. Abweichend hiervon gilt die gesetzliche Verj\u00e4hrungsfrist von 3 Jahren, wenn der Hero Products &amp; People GmbH Vorsatz zur Last f\u00e4llt.<\/div><div>\u00a0<\/div><div><strong>\u00a712 K\u00fcndigung des Vertragsverh\u00e4ltnisses<\/strong><\/div><div>\u00a0<\/div><div>Sofern nicht anders vereinbart, kann das Vertragsverh\u00e4ltnis von beiden Vertragsparteien mit einer Frist von 30 Tagen zum Monatsende ordentlich gek\u00fcndigt werden. Jede K\u00fcndigung bedarf zu ihrer Wirksamkeit der Schriftform.<\/div><div>\u00a0<\/div><div><strong>\u00a7 13 Beendigung des Auftrags<\/strong><\/div><div>\u00a0<\/div><div>Der der Hero Products &amp; People GmbH erteilte Auftrag wird durch die Erbringung der geschuldeten Dienstleistungen beendet. Teilt die Hero Products &amp; People GmbH dem Auftraggeber schriftlich die vollst\u00e4ndige Erbringung aller geschuldeten Dienstleistungen mit, kann der Auftraggeber die Erbringung weiterer Dienstleistungen nicht mehr verlangen, wenn er nicht innerhalb von vier Wochen nach Zugang der schriftlichen Erkl\u00e4rung der Hero Products &amp; People GmbH schriftlich die Unvollst\u00e4ndigkeit der erbrachten Dienstleistungen r\u00fcgt.<\/div><div>\u00a0<\/div><div>#<\/div>\t\t\t\t\t\t\t\t<\/div>\n\t\t\t\t<\/div>\n\t\t\t\t\t<\/div>\n\t\t<\/div>\n\t\t\t\t\t<\/div>\n\t\t<\/section>\n\t\t\t\t<\/div>","protected":false},"excerpt":{"rendered":"<p>AGB Allgemeine Gesch\u00e4ftsbedingungen der Hero Products &amp; People GmbH Stand: M\u00e4rz 2023 \u00a7 1 Anwendungsbereich 1. Diese Allgemeinen Gesch\u00e4ftsbedingungen finden auf alle Vertr\u00e4ge zwischen der Hero Products &amp; People GmbH (Hero) und ihren Auftraggebern Anwendung. Entgegenstehende oder abweichende Gesch\u00e4fts-, Vertrags- und\/oder Einkaufsbedingungen werden nicht anerkannt, es sei denn, Ihrer Geltung wird schriftlich zugestimmt. 2. Soweit [&hellip;]<\/p>\n","protected":false},"author":3,"featured_media":0,"parent":0,"menu_order":0,"comment_status":"closed","ping_status":"closed","template":"","meta":{"footnotes":""},"class_list":["post-1060","page","type-page","status-publish","hentry"],"yoast_head":"<!-- This site is optimized with the Yoast SEO plugin v26.9 - https:\/\/yoast.com\/product\/yoast-seo-wordpress\/ -->\n<title>AGB - HERO Strategy<\/title>\n<meta name=\"robots\" content=\"index, follow, max-snippet:-1, max-image-preview:large, max-video-preview:-1\" \/>\n<link rel=\"canonical\" href=\"https:\/\/herostrategy.de\/en\/agb\/\" \/>\n<meta property=\"og:locale\" content=\"en_GB\" \/>\n<meta property=\"og:type\" content=\"article\" \/>\n<meta property=\"og:title\" content=\"AGB - HERO Strategy\" \/>\n<meta property=\"og:description\" content=\"AGB Allgemeine Gesch\u00e4ftsbedingungen der Hero Products &amp; People GmbH Stand: M\u00e4rz 2023 \u00a7 1 Anwendungsbereich 1. Diese Allgemeinen Gesch\u00e4ftsbedingungen finden auf alle Vertr\u00e4ge zwischen der Hero Products &amp; People GmbH (Hero) und ihren Auftraggebern Anwendung. Entgegenstehende oder abweichende Gesch\u00e4fts-, Vertrags- und\/oder Einkaufsbedingungen werden nicht anerkannt, es sei denn, Ihrer Geltung wird schriftlich zugestimmt. 2. Soweit [&hellip;]\" \/>\n<meta property=\"og:url\" content=\"https:\/\/herostrategy.de\/en\/agb\/\" \/>\n<meta property=\"og:site_name\" content=\"HERO Strategy\" \/>\n<meta property=\"article:modified_time\" content=\"2023-03-02T15:46:02+00:00\" \/>\n<meta name=\"twitter:card\" content=\"summary_large_image\" \/>\n<meta name=\"twitter:label1\" content=\"Estimated reading time\" \/>\n\t<meta name=\"twitter:data1\" content=\"8 minutes\" \/>\n<script type=\"application\/ld+json\" class=\"yoast-schema-graph\">{\"@context\":\"https:\/\/schema.org\",\"@graph\":[{\"@type\":\"WebPage\",\"@id\":\"https:\/\/herostrategy.de\/agb\/\",\"url\":\"https:\/\/herostrategy.de\/agb\/\",\"name\":\"AGB - HERO Strategy\",\"isPartOf\":{\"@id\":\"https:\/\/herostrategy.de\/#website\"},\"datePublished\":\"2023-03-02T15:42:19+00:00\",\"dateModified\":\"2023-03-02T15:46:02+00:00\",\"breadcrumb\":{\"@id\":\"https:\/\/herostrategy.de\/agb\/#breadcrumb\"},\"inLanguage\":\"en-GB\",\"potentialAction\":[{\"@type\":\"ReadAction\",\"target\":[\"https:\/\/herostrategy.de\/agb\/\"]}]},{\"@type\":\"BreadcrumbList\",\"@id\":\"https:\/\/herostrategy.de\/agb\/#breadcrumb\",\"itemListElement\":[{\"@type\":\"ListItem\",\"position\":1,\"name\":\"Startseite\",\"item\":\"https:\/\/herostrategy.de\/\"},{\"@type\":\"ListItem\",\"position\":2,\"name\":\"AGB\"}]},{\"@type\":\"WebSite\",\"@id\":\"https:\/\/herostrategy.de\/#website\",\"url\":\"https:\/\/herostrategy.de\/\",\"name\":\"HERO Strategy - Produkt & People GmbH\",\"description\":\"Products &amp; People GmbH\",\"publisher\":{\"@id\":\"https:\/\/herostrategy.de\/#organization\"},\"potentialAction\":[{\"@type\":\"SearchAction\",\"target\":{\"@type\":\"EntryPoint\",\"urlTemplate\":\"https:\/\/herostrategy.de\/?s={search_term_string}\"},\"query-input\":{\"@type\":\"PropertyValueSpecification\",\"valueRequired\":true,\"valueName\":\"search_term_string\"}}],\"inLanguage\":\"en-GB\"},{\"@type\":\"Organization\",\"@id\":\"https:\/\/herostrategy.de\/#organization\",\"name\":\"HERO Strategy - Produkt & People GmbH\",\"url\":\"https:\/\/herostrategy.de\/\",\"logo\":{\"@type\":\"ImageObject\",\"inLanguage\":\"en-GB\",\"@id\":\"https:\/\/herostrategy.de\/#\/schema\/logo\/image\/\",\"url\":\"https:\/\/herostrategy.de\/wp-content\/uploads\/2023\/03\/cropped-HERO_Logo_RGB2.png\",\"contentUrl\":\"https:\/\/herostrategy.de\/wp-content\/uploads\/2023\/03\/cropped-HERO_Logo_RGB2.png\",\"width\":512,\"height\":512,\"caption\":\"HERO Strategy - Produkt & People GmbH\"},\"image\":{\"@id\":\"https:\/\/herostrategy.de\/#\/schema\/logo\/image\/\"}}]}<\/script>\n<!-- \/ Yoast SEO plugin. -->","yoast_head_json":{"title":"AGB - HERO Strategy","robots":{"index":"index","follow":"follow","max-snippet":"max-snippet:-1","max-image-preview":"max-image-preview:large","max-video-preview":"max-video-preview:-1"},"canonical":"https:\/\/herostrategy.de\/en\/agb\/","og_locale":"en_GB","og_type":"article","og_title":"AGB - HERO Strategy","og_description":"AGB Allgemeine Gesch\u00e4ftsbedingungen der Hero Products &amp; People GmbH Stand: M\u00e4rz 2023 \u00a7 1 Anwendungsbereich 1. Diese Allgemeinen Gesch\u00e4ftsbedingungen finden auf alle Vertr\u00e4ge zwischen der Hero Products &amp; People GmbH (Hero) und ihren Auftraggebern Anwendung. Entgegenstehende oder abweichende Gesch\u00e4fts-, Vertrags- und\/oder Einkaufsbedingungen werden nicht anerkannt, es sei denn, Ihrer Geltung wird schriftlich zugestimmt. 2. Soweit [&hellip;]","og_url":"https:\/\/herostrategy.de\/en\/agb\/","og_site_name":"HERO Strategy","article_modified_time":"2023-03-02T15:46:02+00:00","twitter_card":"summary_large_image","twitter_misc":{"Estimated reading time":"8 minutes"},"schema":{"@context":"https:\/\/schema.org","@graph":[{"@type":"WebPage","@id":"https:\/\/herostrategy.de\/agb\/","url":"https:\/\/herostrategy.de\/agb\/","name":"AGB - HERO Strategy","isPartOf":{"@id":"https:\/\/herostrategy.de\/#website"},"datePublished":"2023-03-02T15:42:19+00:00","dateModified":"2023-03-02T15:46:02+00:00","breadcrumb":{"@id":"https:\/\/herostrategy.de\/agb\/#breadcrumb"},"inLanguage":"en-GB","potentialAction":[{"@type":"ReadAction","target":["https:\/\/herostrategy.de\/agb\/"]}]},{"@type":"BreadcrumbList","@id":"https:\/\/herostrategy.de\/agb\/#breadcrumb","itemListElement":[{"@type":"ListItem","position":1,"name":"Startseite","item":"https:\/\/herostrategy.de\/"},{"@type":"ListItem","position":2,"name":"AGB"}]},{"@type":"WebSite","@id":"https:\/\/herostrategy.de\/#website","url":"https:\/\/herostrategy.de\/","name":"HERO Strategy - Produkt & People GmbH","description":"Products &amp; People GmbH","publisher":{"@id":"https:\/\/herostrategy.de\/#organization"},"potentialAction":[{"@type":"SearchAction","target":{"@type":"EntryPoint","urlTemplate":"https:\/\/herostrategy.de\/?s={search_term_string}"},"query-input":{"@type":"PropertyValueSpecification","valueRequired":true,"valueName":"search_term_string"}}],"inLanguage":"en-GB"},{"@type":"Organization","@id":"https:\/\/herostrategy.de\/#organization","name":"HERO Strategy - Produkt & People GmbH","url":"https:\/\/herostrategy.de\/","logo":{"@type":"ImageObject","inLanguage":"en-GB","@id":"https:\/\/herostrategy.de\/#\/schema\/logo\/image\/","url":"https:\/\/herostrategy.de\/wp-content\/uploads\/2023\/03\/cropped-HERO_Logo_RGB2.png","contentUrl":"https:\/\/herostrategy.de\/wp-content\/uploads\/2023\/03\/cropped-HERO_Logo_RGB2.png","width":512,"height":512,"caption":"HERO Strategy - Produkt & People GmbH"},"image":{"@id":"https:\/\/herostrategy.de\/#\/schema\/logo\/image\/"}}]}},"_links":{"self":[{"href":"https:\/\/herostrategy.de\/en\/wp-json\/wp\/v2\/pages\/1060","targetHints":{"allow":["GET"]}}],"collection":[{"href":"https:\/\/herostrategy.de\/en\/wp-json\/wp\/v2\/pages"}],"about":[{"href":"https:\/\/herostrategy.de\/en\/wp-json\/wp\/v2\/types\/page"}],"author":[{"embeddable":true,"href":"https:\/\/herostrategy.de\/en\/wp-json\/wp\/v2\/users\/3"}],"replies":[{"embeddable":true,"href":"https:\/\/herostrategy.de\/en\/wp-json\/wp\/v2\/comments?post=1060"}],"version-history":[{"count":0,"href":"https:\/\/herostrategy.de\/en\/wp-json\/wp\/v2\/pages\/1060\/revisions"}],"wp:attachment":[{"href":"https:\/\/herostrategy.de\/en\/wp-json\/wp\/v2\/media?parent=1060"}],"curies":[{"name":"wp","href":"https:\/\/api.w.org\/{rel}","templated":true}]}}