{"id":1612,"date":"2024-07-24T11:41:13","date_gmt":"2024-07-24T11:41:13","guid":{"rendered":"https:\/\/herostrategy.de\/?page_id=1612"},"modified":"2025-10-06T10:11:47","modified_gmt":"2025-10-06T10:11:47","slug":"vakante-stellen-executive-search","status":"publish","type":"page","link":"https:\/\/herostrategy.de\/en\/vakante-stellen-executive-search\/","title":{"rendered":"HERO Executive Search"},"content":{"rendered":"<div data-elementor-type=\"wp-page\" data-elementor-id=\"1612\" class=\"elementor elementor-1612\" data-elementor-post-type=\"page\">\n\t\t\t\t\t\t<section class=\"elementor-section elementor-top-section elementor-element elementor-element-360e9e3 elementor-section-full_width elementor-section-height-default elementor-section-height-default\" data-id=\"360e9e3\" data-element_type=\"section\" data-e-type=\"section\">\n\t\t\t\t\t\t<div class=\"elementor-container elementor-column-gap-default\">\n\t\t\t\t\t<div class=\"elementor-column elementor-col-100 elementor-top-column elementor-element elementor-element-c4ea703\" data-id=\"c4ea703\" data-element_type=\"column\" data-e-type=\"column\">\n\t\t\t<div class=\"elementor-widget-wrap elementor-element-populated\">\n\t\t\t\t\t\t<div class=\"elementor-element elementor-element-5e8f9f3 elementor-invisible elementor-widget elementor-widget-image\" data-id=\"5e8f9f3\" data-element_type=\"widget\" data-e-type=\"widget\" data-settings=\"{&quot;_animation&quot;:&quot;fadeInDown&quot;}\" data-widget_type=\"image.default\">\n\t\t\t\t<div class=\"elementor-widget-container\">\n\t\t\t\t\t\t\t\t\t\t\t\t\t\t\t<img fetchpriority=\"high\" decoding=\"async\" width=\"1920\" height=\"539\" src=\"https:\/\/herostrategy.de\/wp-content\/uploads\/2024\/07\/Hero_ES_Header_1.png\" class=\"attachment-full size-full wp-image-1925\" alt=\"\" srcset=\"https:\/\/herostrategy.de\/wp-content\/uploads\/2024\/07\/Hero_ES_Header_1.png 1920w, https:\/\/herostrategy.de\/wp-content\/uploads\/2024\/07\/Hero_ES_Header_1-300x84.png 300w, https:\/\/herostrategy.de\/wp-content\/uploads\/2024\/07\/Hero_ES_Header_1-1024x287.png 1024w, https:\/\/herostrategy.de\/wp-content\/uploads\/2024\/07\/Hero_ES_Header_1-768x216.png 768w, https:\/\/herostrategy.de\/wp-content\/uploads\/2024\/07\/Hero_ES_Header_1-1536x431.png 1536w, https:\/\/herostrategy.de\/wp-content\/uploads\/2024\/07\/Hero_ES_Header_1-18x5.png 18w\" sizes=\"(max-width: 1920px) 100vw, 1920px\" \/>\t\t\t\t\t\t\t\t\t\t\t\t\t\t\t<\/div>\n\t\t\t\t<\/div>\n\t\t\t\t\t<\/div>\n\t\t<\/div>\n\t\t\t\t\t<\/div>\n\t\t<\/section>\n\t\t<div class=\"elementor-element elementor-element-fa3250b e-con-full e-flex e-con e-parent\" data-id=\"fa3250b\" data-element_type=\"container\" data-e-type=\"container\">\n\t\t\t\t<div class=\"elementor-element elementor-element-17e3a07 animated-slow elementor-invisible elementor-widget elementor-widget-image\" data-id=\"17e3a07\" data-element_type=\"widget\" data-e-type=\"widget\" data-settings=\"{&quot;_animation&quot;:&quot;fadeIn&quot;,&quot;_animation_delay&quot;:600}\" data-widget_type=\"image.default\">\n\t\t\t\t<div class=\"elementor-widget-container\">\n\t\t\t\t\t\t\t\t\t\t\t\t\t\t\t<img decoding=\"async\" width=\"2100\" height=\"750\" src=\"https:\/\/herostrategy.de\/wp-content\/uploads\/2024\/08\/Eule-akademie-web-3.jpg\" class=\"attachment-full size-full wp-image-2005\" alt=\"\" srcset=\"https:\/\/herostrategy.de\/wp-content\/uploads\/2024\/08\/Eule-akademie-web-3.jpg 2100w, https:\/\/herostrategy.de\/wp-content\/uploads\/2024\/08\/Eule-akademie-web-3-300x107.jpg 300w, https:\/\/herostrategy.de\/wp-content\/uploads\/2024\/08\/Eule-akademie-web-3-1024x366.jpg 1024w, https:\/\/herostrategy.de\/wp-content\/uploads\/2024\/08\/Eule-akademie-web-3-768x274.jpg 768w, https:\/\/herostrategy.de\/wp-content\/uploads\/2024\/08\/Eule-akademie-web-3-1536x549.jpg 1536w, https:\/\/herostrategy.de\/wp-content\/uploads\/2024\/08\/Eule-akademie-web-3-2048x731.jpg 2048w, https:\/\/herostrategy.de\/wp-content\/uploads\/2024\/08\/Eule-akademie-web-3-18x6.jpg 18w\" sizes=\"(max-width: 2100px) 100vw, 2100px\" \/>\t\t\t\t\t\t\t\t\t\t\t\t\t\t\t<\/div>\n\t\t\t\t<\/div>\n\t\t\t\t<\/div>\n\t\t<div class=\"elementor-element elementor-element-4bcc7dc animated-slow e-flex e-con-boxed elementor-invisible e-con e-parent\" data-id=\"4bcc7dc\" data-element_type=\"container\" data-e-type=\"container\" data-settings=\"{&quot;animation&quot;:&quot;fadeIn&quot;,&quot;animation_delay&quot;:600}\">\n\t\t\t\t\t<div class=\"e-con-inner\">\n\t\t\t\t<div class=\"elementor-element elementor-element-177dddb elementor-widget elementor-widget-heading\" data-id=\"177dddb\" data-element_type=\"widget\" data-e-type=\"widget\" data-widget_type=\"heading.default\">\n\t\t\t\t<div class=\"elementor-widget-container\">\n\t\t\t\t\t<h1 class=\"elementor-heading-title elementor-size-default\">Others fill vacant positions.<\/h1>\t\t\t\t<\/div>\n\t\t\t\t<\/div>\n\t\t\t\t<div class=\"elementor-element elementor-element-3d274c7 elementor-widget elementor-widget-heading\" data-id=\"3d274c7\" data-element_type=\"widget\" data-e-type=\"widget\" data-widget_type=\"heading.default\">\n\t\t\t\t<div class=\"elementor-widget-container\">\n\t\t\t\t\t<h2 class=\"elementor-heading-title elementor-size-default\">We increase added value!<\/h2>\t\t\t\t<\/div>\n\t\t\t\t<\/div>\n\t\t\t\t<div class=\"elementor-element elementor-element-ba22752 elementor-widget elementor-widget-spacer\" data-id=\"ba22752\" data-element_type=\"widget\" data-e-type=\"widget\" data-widget_type=\"spacer.default\">\n\t\t\t\t<div class=\"elementor-widget-container\">\n\t\t\t\t\t\t\t<div class=\"elementor-spacer\">\n\t\t\t<div class=\"elementor-spacer-inner\"><\/div>\n\t\t<\/div>\n\t\t\t\t\t\t<\/div>\n\t\t\t\t<\/div>\n\t\t\t\t<div class=\"elementor-element elementor-element-7459175 elementor-widget elementor-widget-text-editor\" data-id=\"7459175\" data-element_type=\"widget\" data-e-type=\"widget\" data-widget_type=\"text-editor.default\">\n\t\t\t\t<div class=\"elementor-widget-container\">\n\t\t\t\t\t\t\t\t\t<p>With HERO Executive Search, we are a partner of the renowned executive search consultancy<em><strong> Passion for People<\/strong><\/em> from Stuttgart.<\/p>\n<p>As<strong> industry experts<\/strong> for sanitary, technical building equipment, construction elements, furniture and <strong>specialist experts<\/strong> for functions in sales and business development, we support you in finding and developing the right employees for your vacant positions.<\/p>\n<p>Thanks to our extensive industry experience, which we have gained in management roles in the industry and in the consulting business, we are happy to get involved with you much earlier in the process. Long before the position is advertised, we work with you to develop a well-founded concept for the specific department and derive the requirements for ideal candidates from this. We can only do this because, unlike other recruitment consultants, we don't read up on the industry, but because we are part of the industry.<\/p>\n<p><strong>Smart personnel strategies<\/strong>&nbsp;are a central element of corporate development. That's why we focus on clients in&nbsp;<strong>processes of growth and change.<\/strong> And we quickly and efficiently find the right specialists and leaders to successfully support these processes.<\/p>\n<p>We know what challenges rapid growth and fundamental change processes entail - and how they can be successfully met with smart HR strategies and the right personnel capacities and skills. <strong>For your competitive advantage. For your added value.<\/strong><\/p>\t\t\t\t\t\t\t\t<\/div>\n\t\t\t\t<\/div>\n\t\t\t\t<div class=\"elementor-element elementor-element-83e5460 elementor-widget elementor-widget-spacer\" data-id=\"83e5460\" data-element_type=\"widget\" data-e-type=\"widget\" data-widget_type=\"spacer.default\">\n\t\t\t\t<div class=\"elementor-widget-container\">\n\t\t\t\t\t\t\t<div class=\"elementor-spacer\">\n\t\t\t<div class=\"elementor-spacer-inner\"><\/div>\n\t\t<\/div>\n\t\t\t\t\t\t<\/div>\n\t\t\t\t<\/div>\n\t\t\t\t\t<\/div>\n\t\t\t\t<\/div>\n\t\t<div class=\"elementor-element elementor-element-b4a73d5 e-flex e-con-boxed e-con e-parent\" data-id=\"b4a73d5\" data-element_type=\"container\" data-e-type=\"container\">\n\t\t\t\t\t<div class=\"e-con-inner\">\n\t\t\t\t<div class=\"elementor-element elementor-element-7479642 elementor-widget elementor-widget-text-editor\" data-id=\"7479642\" data-element_type=\"widget\" data-e-type=\"widget\" data-widget_type=\"text-editor.default\">\n\t\t\t\t<div class=\"elementor-widget-container\">\n\t\t\t\t\t\t\t\t\t<p>Passions for people.<\/p>\t\t\t\t\t\t\t\t<\/div>\n\t\t\t\t<\/div>\n\t\t\t\t<div class=\"elementor-element elementor-element-aa0f586 elementor-widget elementor-widget-text-editor\" data-id=\"aa0f586\" data-element_type=\"widget\" data-e-type=\"widget\" data-widget_type=\"text-editor.default\">\n\t\t\t\t<div class=\"elementor-widget-container\">\n\t\t\t\t\t\t\t\t\t<p>Your HR consultancy for growth and change.<\/p>\t\t\t\t\t\t\t\t<\/div>\n\t\t\t\t<\/div>\n\t\t\t\t\t<\/div>\n\t\t\t\t<\/div>\n\t\t<div class=\"elementor-element elementor-element-5f5d344 e-flex e-con-boxed e-con e-parent\" data-id=\"5f5d344\" data-element_type=\"container\" data-e-type=\"container\">\n\t\t\t\t\t<div class=\"e-con-inner\">\n\t\t<div class=\"elementor-element elementor-element-d50b74a e-con-full e-flex e-con e-child\" data-id=\"d50b74a\" data-element_type=\"container\" data-e-type=\"container\">\n\t\t\t\t<div class=\"elementor-element elementor-element-1c292c9 elementor-align-right elementor-mobile-align-justify elementor-widget elementor-widget-button\" data-id=\"1c292c9\" data-element_type=\"widget\" data-e-type=\"widget\" data-widget_type=\"button.default\">\n\t\t\t\t<div class=\"elementor-widget-container\">\n\t\t\t\t\t\t\t\t\t<div class=\"elementor-button-wrapper\">\n\t\t\t\t\t<a class=\"elementor-button elementor-button-link elementor-size-sm\" href=\"https:\/\/passionforpeople.de\/\">\n\t\t\t\t\t\t<span class=\"elementor-button-content-wrapper\">\n\t\t\t\t\t\t<span class=\"elementor-button-icon\">\n\t\t\t\t<svg aria-hidden=\"true\" class=\"e-font-icon-svg e-fas-arrow-alt-circle-right\" viewbox=\"0 0 512 512\" xmlns=\"http:\/\/www.w3.org\/2000\/svg\"><path d=\"M256 8c137 0 248 111 248 248S393 504 256 504 8 393 8 256 119 8 256 8zM140 300h116v70.9c0 10.7 13 16.1 20.5 8.5l114.3-114.9c4.7-4.7 4.7-12.2 0-16.9l-114.3-115c-7.6-7.6-20.5-2.2-20.5 8.5V212H140c-6.6 0-12 5.4-12 12v64c0 6.6 5.4 12 12 12z\"><\/path><\/svg>\t\t\t<\/span>\n\t\t\t\t\t\t\t\t\t<span class=\"elementor-button-text\">Visit Website<\/span>\n\t\t\t\t\t<\/span>\n\t\t\t\t\t<\/a>\n\t\t\t\t<\/div>\n\t\t\t\t\t\t\t\t<\/div>\n\t\t\t\t<\/div>\n\t\t\t\t<\/div>\n\t\t\t\t\t<\/div>\n\t\t\t\t<\/div>\n\t\t\t\t<\/div>","protected":false},"excerpt":{"rendered":"<p>Andere besetzen vakante Stellen. Wir steigern Wertsch\u00f6pfung! Mit HERO Executive Search sind wir Partner der renommierten Executive Search Personalberatung Passion for People aus Stuttgart. Als Branchenexperten f\u00fcr Sanit\u00e4r, Technische Geb\u00e4udeausstattung, Bauelemente, M\u00f6bel sowie Fachexperten f\u00fcr Funktionen in Vertrieb und Business Development unterst\u00fctzen wir Sie beim Finden und Entwickeln der passenden Mitarbeiter f\u00fcr Ihre freien Positionen. [&hellip;]<\/p>\n","protected":false},"author":3,"featured_media":0,"parent":0,"menu_order":0,"comment_status":"closed","ping_status":"closed","template":"elementor_header_footer","meta":{"footnotes":""},"class_list":["post-1612","page","type-page","status-publish","hentry"],"yoast_head":"<!-- This site is optimized with the Yoast SEO plugin v26.9 - https:\/\/yoast.com\/product\/yoast-seo-wordpress\/ -->\n<title>Vakante Stellen besetzt mit Hero Executive Search<\/title>\n<meta name=\"description\" content=\"Mit HERO Executive Search unterst\u00fctzen wir Sie beim Finden und Entwickeln der passenden Mitarbeiter f\u00fcr Ihre vakante Stellen.\" \/>\n<meta name=\"robots\" content=\"index, follow, max-snippet:-1, max-image-preview:large, max-video-preview:-1\" \/>\n<link rel=\"canonical\" href=\"https:\/\/herostrategy.de\/en\/vakante-stellen-executive-search\/\" \/>\n<meta property=\"og:locale\" content=\"en_GB\" \/>\n<meta property=\"og:type\" content=\"article\" \/>\n<meta property=\"og:title\" content=\"Vakante Stellen besetzt mit Hero Executive Search\" \/>\n<meta property=\"og:description\" content=\"Mit HERO Executive Search unterst\u00fctzen wir Sie beim Finden und Entwickeln der passenden Mitarbeiter f\u00fcr Ihre vakante Stellen.\" \/>\n<meta property=\"og:url\" content=\"https:\/\/herostrategy.de\/en\/vakante-stellen-executive-search\/\" \/>\n<meta property=\"og:site_name\" content=\"HERO Strategy\" \/>\n<meta property=\"article:modified_time\" content=\"2025-10-06T10:11:47+00:00\" \/>\n<meta property=\"og:image\" content=\"https:\/\/herostrategy.de\/wp-content\/uploads\/2024\/07\/Hero_ES_Header_1.png\" \/>\n<meta name=\"twitter:card\" content=\"summary_large_image\" \/>\n<meta name=\"twitter:label1\" content=\"Estimated reading time\" \/>\n\t<meta name=\"twitter:data1\" content=\"2 minutes\" \/>\n<script type=\"application\/ld+json\" class=\"yoast-schema-graph\">{\"@context\":\"https:\/\/schema.org\",\"@graph\":[{\"@type\":\"WebPage\",\"@id\":\"https:\/\/herostrategy.de\/vakante-stellen-executive-search\/\",\"url\":\"https:\/\/herostrategy.de\/vakante-stellen-executive-search\/\",\"name\":\"Vakante Stellen besetzt mit Hero Executive Search\",\"isPartOf\":{\"@id\":\"https:\/\/herostrategy.de\/#website\"},\"primaryImageOfPage\":{\"@id\":\"https:\/\/herostrategy.de\/vakante-stellen-executive-search\/#primaryimage\"},\"image\":{\"@id\":\"https:\/\/herostrategy.de\/vakante-stellen-executive-search\/#primaryimage\"},\"thumbnailUrl\":\"https:\/\/herostrategy.de\/wp-content\/uploads\/2024\/07\/Hero_ES_Header_1.png\",\"datePublished\":\"2024-07-24T11:41:13+00:00\",\"dateModified\":\"2025-10-06T10:11:47+00:00\",\"description\":\"Mit HERO Executive Search unterst\u00fctzen wir Sie beim Finden und Entwickeln der passenden Mitarbeiter f\u00fcr Ihre vakante Stellen.\",\"breadcrumb\":{\"@id\":\"https:\/\/herostrategy.de\/vakante-stellen-executive-search\/#breadcrumb\"},\"inLanguage\":\"en-GB\",\"potentialAction\":[{\"@type\":\"ReadAction\",\"target\":[\"https:\/\/herostrategy.de\/vakante-stellen-executive-search\/\"]}]},{\"@type\":\"ImageObject\",\"inLanguage\":\"en-GB\",\"@id\":\"https:\/\/herostrategy.de\/vakante-stellen-executive-search\/#primaryimage\",\"url\":\"https:\/\/herostrategy.de\/wp-content\/uploads\/2024\/07\/Hero_ES_Header_1.png\",\"contentUrl\":\"https:\/\/herostrategy.de\/wp-content\/uploads\/2024\/07\/Hero_ES_Header_1.png\"},{\"@type\":\"BreadcrumbList\",\"@id\":\"https:\/\/herostrategy.de\/vakante-stellen-executive-search\/#breadcrumb\",\"itemListElement\":[{\"@type\":\"ListItem\",\"position\":1,\"name\":\"Startseite\",\"item\":\"https:\/\/herostrategy.de\/\"},{\"@type\":\"ListItem\",\"position\":2,\"name\":\"HERO Executive Search\"}]},{\"@type\":\"WebSite\",\"@id\":\"https:\/\/herostrategy.de\/#website\",\"url\":\"https:\/\/herostrategy.de\/\",\"name\":\"HERO Strategy - Produkt & People GmbH\",\"description\":\"Products &amp; People GmbH\",\"publisher\":{\"@id\":\"https:\/\/herostrategy.de\/#organization\"},\"potentialAction\":[{\"@type\":\"SearchAction\",\"target\":{\"@type\":\"EntryPoint\",\"urlTemplate\":\"https:\/\/herostrategy.de\/?s={search_term_string}\"},\"query-input\":{\"@type\":\"PropertyValueSpecification\",\"valueRequired\":true,\"valueName\":\"search_term_string\"}}],\"inLanguage\":\"en-GB\"},{\"@type\":\"Organization\",\"@id\":\"https:\/\/herostrategy.de\/#organization\",\"name\":\"HERO Strategy - Produkt & People GmbH\",\"url\":\"https:\/\/herostrategy.de\/\",\"logo\":{\"@type\":\"ImageObject\",\"inLanguage\":\"en-GB\",\"@id\":\"https:\/\/herostrategy.de\/#\/schema\/logo\/image\/\",\"url\":\"https:\/\/herostrategy.de\/wp-content\/uploads\/2023\/03\/cropped-HERO_Logo_RGB2.png\",\"contentUrl\":\"https:\/\/herostrategy.de\/wp-content\/uploads\/2023\/03\/cropped-HERO_Logo_RGB2.png\",\"width\":512,\"height\":512,\"caption\":\"HERO Strategy - Produkt & People GmbH\"},\"image\":{\"@id\":\"https:\/\/herostrategy.de\/#\/schema\/logo\/image\/\"}}]}<\/script>\n<!-- \/ Yoast SEO plugin. -->","yoast_head_json":{"title":"Vakante Stellen besetzt mit Hero Executive Search","description":"Mit HERO Executive Search unterst\u00fctzen wir Sie beim Finden und Entwickeln der passenden Mitarbeiter f\u00fcr Ihre vakante Stellen.","robots":{"index":"index","follow":"follow","max-snippet":"max-snippet:-1","max-image-preview":"max-image-preview:large","max-video-preview":"max-video-preview:-1"},"canonical":"https:\/\/herostrategy.de\/en\/vakante-stellen-executive-search\/","og_locale":"en_GB","og_type":"article","og_title":"Vakante Stellen besetzt mit Hero Executive Search","og_description":"Mit HERO Executive Search unterst\u00fctzen wir Sie beim Finden und Entwickeln der passenden Mitarbeiter f\u00fcr Ihre vakante Stellen.","og_url":"https:\/\/herostrategy.de\/en\/vakante-stellen-executive-search\/","og_site_name":"HERO Strategy","article_modified_time":"2025-10-06T10:11:47+00:00","og_image":[{"url":"https:\/\/herostrategy.de\/wp-content\/uploads\/2024\/07\/Hero_ES_Header_1.png","type":"","width":"","height":""}],"twitter_card":"summary_large_image","twitter_misc":{"Estimated reading time":"2 minutes"},"schema":{"@context":"https:\/\/schema.org","@graph":[{"@type":"WebPage","@id":"https:\/\/herostrategy.de\/vakante-stellen-executive-search\/","url":"https:\/\/herostrategy.de\/vakante-stellen-executive-search\/","name":"Vakante Stellen besetzt mit Hero Executive Search","isPartOf":{"@id":"https:\/\/herostrategy.de\/#website"},"primaryImageOfPage":{"@id":"https:\/\/herostrategy.de\/vakante-stellen-executive-search\/#primaryimage"},"image":{"@id":"https:\/\/herostrategy.de\/vakante-stellen-executive-search\/#primaryimage"},"thumbnailUrl":"https:\/\/herostrategy.de\/wp-content\/uploads\/2024\/07\/Hero_ES_Header_1.png","datePublished":"2024-07-24T11:41:13+00:00","dateModified":"2025-10-06T10:11:47+00:00","description":"Mit HERO Executive Search unterst\u00fctzen wir Sie beim Finden und Entwickeln der passenden Mitarbeiter f\u00fcr Ihre vakante Stellen.","breadcrumb":{"@id":"https:\/\/herostrategy.de\/vakante-stellen-executive-search\/#breadcrumb"},"inLanguage":"en-GB","potentialAction":[{"@type":"ReadAction","target":["https:\/\/herostrategy.de\/vakante-stellen-executive-search\/"]}]},{"@type":"ImageObject","inLanguage":"en-GB","@id":"https:\/\/herostrategy.de\/vakante-stellen-executive-search\/#primaryimage","url":"https:\/\/herostrategy.de\/wp-content\/uploads\/2024\/07\/Hero_ES_Header_1.png","contentUrl":"https:\/\/herostrategy.de\/wp-content\/uploads\/2024\/07\/Hero_ES_Header_1.png"},{"@type":"BreadcrumbList","@id":"https:\/\/herostrategy.de\/vakante-stellen-executive-search\/#breadcrumb","itemListElement":[{"@type":"ListItem","position":1,"name":"Startseite","item":"https:\/\/herostrategy.de\/"},{"@type":"ListItem","position":2,"name":"HERO Executive Search"}]},{"@type":"WebSite","@id":"https:\/\/herostrategy.de\/#website","url":"https:\/\/herostrategy.de\/","name":"HERO Strategy - Produkt & People GmbH","description":"Products &amp; People GmbH","publisher":{"@id":"https:\/\/herostrategy.de\/#organization"},"potentialAction":[{"@type":"SearchAction","target":{"@type":"EntryPoint","urlTemplate":"https:\/\/herostrategy.de\/?s={search_term_string}"},"query-input":{"@type":"PropertyValueSpecification","valueRequired":true,"valueName":"search_term_string"}}],"inLanguage":"en-GB"},{"@type":"Organization","@id":"https:\/\/herostrategy.de\/#organization","name":"HERO Strategy - Produkt & People GmbH","url":"https:\/\/herostrategy.de\/","logo":{"@type":"ImageObject","inLanguage":"en-GB","@id":"https:\/\/herostrategy.de\/#\/schema\/logo\/image\/","url":"https:\/\/herostrategy.de\/wp-content\/uploads\/2023\/03\/cropped-HERO_Logo_RGB2.png","contentUrl":"https:\/\/herostrategy.de\/wp-content\/uploads\/2023\/03\/cropped-HERO_Logo_RGB2.png","width":512,"height":512,"caption":"HERO Strategy - Produkt & People GmbH"},"image":{"@id":"https:\/\/herostrategy.de\/#\/schema\/logo\/image\/"}}]}},"_links":{"self":[{"href":"https:\/\/herostrategy.de\/en\/wp-json\/wp\/v2\/pages\/1612","targetHints":{"allow":["GET"]}}],"collection":[{"href":"https:\/\/herostrategy.de\/en\/wp-json\/wp\/v2\/pages"}],"about":[{"href":"https:\/\/herostrategy.de\/en\/wp-json\/wp\/v2\/types\/page"}],"author":[{"embeddable":true,"href":"https:\/\/herostrategy.de\/en\/wp-json\/wp\/v2\/users\/3"}],"replies":[{"embeddable":true,"href":"https:\/\/herostrategy.de\/en\/wp-json\/wp\/v2\/comments?post=1612"}],"version-history":[{"count":101,"href":"https:\/\/herostrategy.de\/en\/wp-json\/wp\/v2\/pages\/1612\/revisions"}],"predecessor-version":[{"id":2868,"href":"https:\/\/herostrategy.de\/en\/wp-json\/wp\/v2\/pages\/1612\/revisions\/2868"}],"wp:attachment":[{"href":"https:\/\/herostrategy.de\/en\/wp-json\/wp\/v2\/media?parent=1612"}],"curies":[{"name":"wp","href":"https:\/\/api.w.org\/{rel}","templated":true}]}}