{"id":1614,"date":"2024-07-24T11:41:45","date_gmt":"2024-07-24T11:41:45","guid":{"rendered":"https:\/\/herostrategy.de\/?page_id=1614"},"modified":"2025-10-06T10:33:33","modified_gmt":"2025-10-06T10:33:33","slug":"hero-kontakt","status":"publish","type":"page","link":"https:\/\/herostrategy.de\/en\/hero-kontakt\/","title":{"rendered":"HERO Contact"},"content":{"rendered":"\t\t<div data-elementor-type=\"wp-page\" data-elementor-id=\"1614\" class=\"elementor elementor-1614\" data-elementor-post-type=\"page\">\n\t\t\t\t\t\t<section class=\"elementor-section elementor-top-section elementor-element elementor-element-c3a9221 elementor-section-full_width elementor-section-height-default elementor-section-height-default\" data-id=\"c3a9221\" data-element_type=\"section\" data-e-type=\"section\">\n\t\t\t\t\t\t<div class=\"elementor-container elementor-column-gap-default\">\n\t\t\t\t\t<div class=\"elementor-column elementor-col-100 elementor-top-column elementor-element elementor-element-bd4dc36\" data-id=\"bd4dc36\" data-element_type=\"column\" data-e-type=\"column\">\n\t\t\t<div class=\"elementor-widget-wrap elementor-element-populated\">\n\t\t\t\t\t\t<div class=\"elementor-element elementor-element-02492cb elementor-invisible elementor-widget elementor-widget-image\" data-id=\"02492cb\" data-element_type=\"widget\" data-e-type=\"widget\" data-settings=\"{&quot;_animation&quot;:&quot;fadeInDown&quot;}\" data-widget_type=\"image.default\">\n\t\t\t\t<div class=\"elementor-widget-container\">\n\t\t\t\t\t\t\t\t\t\t\t\t\t\t\t<img fetchpriority=\"high\" decoding=\"async\" width=\"1920\" height=\"539\" src=\"https:\/\/herostrategy.de\/wp-content\/uploads\/2024\/07\/HERO_Kontakt_Header_1-1.png\" class=\"attachment-full size-full wp-image-1953\" alt=\"\" srcset=\"https:\/\/herostrategy.de\/wp-content\/uploads\/2024\/07\/HERO_Kontakt_Header_1-1.png 1920w, https:\/\/herostrategy.de\/wp-content\/uploads\/2024\/07\/HERO_Kontakt_Header_1-1-300x84.png 300w, https:\/\/herostrategy.de\/wp-content\/uploads\/2024\/07\/HERO_Kontakt_Header_1-1-1024x287.png 1024w, https:\/\/herostrategy.de\/wp-content\/uploads\/2024\/07\/HERO_Kontakt_Header_1-1-768x216.png 768w, https:\/\/herostrategy.de\/wp-content\/uploads\/2024\/07\/HERO_Kontakt_Header_1-1-1536x431.png 1536w, https:\/\/herostrategy.de\/wp-content\/uploads\/2024\/07\/HERO_Kontakt_Header_1-1-18x5.png 18w\" sizes=\"(max-width: 1920px) 100vw, 1920px\" \/>\t\t\t\t\t\t\t\t\t\t\t\t\t\t\t<\/div>\n\t\t\t\t<\/div>\n\t\t\t\t\t<\/div>\n\t\t<\/div>\n\t\t\t\t\t<\/div>\n\t\t<\/section>\n\t\t\t\t<section class=\"elementor-section elementor-top-section elementor-element elementor-element-ecdcd43 animated-slow elementor-section-boxed elementor-section-height-default elementor-section-height-default elementor-invisible\" data-id=\"ecdcd43\" data-element_type=\"section\" data-e-type=\"section\" data-settings=\"{&quot;background_background&quot;:&quot;classic&quot;,&quot;animation&quot;:&quot;fadeIn&quot;}\">\n\t\t\t\t\t\t<div class=\"elementor-container elementor-column-gap-default\">\n\t\t\t\t\t<div class=\"elementor-column elementor-col-100 elementor-top-column elementor-element elementor-element-cdc9cd3\" data-id=\"cdc9cd3\" data-element_type=\"column\" data-e-type=\"column\">\n\t\t\t<div class=\"elementor-widget-wrap elementor-element-populated\">\n\t\t\t\t\t\t<div class=\"elementor-element elementor-element-bd2071d elementor-widget elementor-widget-heading\" data-id=\"bd2071d\" data-element_type=\"widget\" data-e-type=\"widget\" data-widget_type=\"heading.default\">\n\t\t\t\t<div class=\"elementor-widget-container\">\n\t\t\t\t\t<h1 class=\"elementor-heading-title elementor-size-default\">Dominik Tanner. Branchenkenner und passionierter Strategie-Berater.<\/h1>\t\t\t\t<\/div>\n\t\t\t\t<\/div>\n\t\t\t\t<section class=\"elementor-section elementor-inner-section elementor-element elementor-element-5b10b14 elementor-section-full_width elementor-section-height-default elementor-section-height-default\" data-id=\"5b10b14\" data-element_type=\"section\" data-e-type=\"section\">\n\t\t\t\t\t\t<div class=\"elementor-container elementor-column-gap-default\">\n\t\t\t\t\t<div class=\"elementor-column elementor-col-50 elementor-inner-column elementor-element elementor-element-c3fca1c\" data-id=\"c3fca1c\" data-element_type=\"column\" data-e-type=\"column\">\n\t\t\t<div class=\"elementor-widget-wrap elementor-element-populated\">\n\t\t\t\t\t\t<div class=\"elementor-element elementor-element-93db06a elementor-widget elementor-widget-image\" data-id=\"93db06a\" data-element_type=\"widget\" data-e-type=\"widget\" data-widget_type=\"image.default\">\n\t\t\t\t<div class=\"elementor-widget-container\">\n\t\t\t\t\t\t\t\t\t\t\t\t\t\t\t<img decoding=\"async\" width=\"778\" height=\"750\" src=\"https:\/\/herostrategy.de\/wp-content\/uploads\/2023\/04\/KR_230219_Hero_0273-1-_Reduziert_1.jpg\" class=\"attachment-full size-full wp-image-1473\" alt=\"\" srcset=\"https:\/\/herostrategy.de\/wp-content\/uploads\/2023\/04\/KR_230219_Hero_0273-1-_Reduziert_1.jpg 778w, https:\/\/herostrategy.de\/wp-content\/uploads\/2023\/04\/KR_230219_Hero_0273-1-_Reduziert_1-300x289.jpg 300w, https:\/\/herostrategy.de\/wp-content\/uploads\/2023\/04\/KR_230219_Hero_0273-1-_Reduziert_1-768x740.jpg 768w, https:\/\/herostrategy.de\/wp-content\/uploads\/2023\/04\/KR_230219_Hero_0273-1-_Reduziert_1-12x12.jpg 12w\" sizes=\"(max-width: 778px) 100vw, 778px\" \/>\t\t\t\t\t\t\t\t\t\t\t\t\t\t\t<\/div>\n\t\t\t\t<\/div>\n\t\t\t\t\t<\/div>\n\t\t<\/div>\n\t\t\t\t<div class=\"elementor-column elementor-col-50 elementor-inner-column elementor-element elementor-element-58b29c7\" data-id=\"58b29c7\" data-element_type=\"column\" data-e-type=\"column\">\n\t\t\t<div class=\"elementor-widget-wrap elementor-element-populated\">\n\t\t\t\t\t\t<div class=\"elementor-element elementor-element-02e118a elementor-widget elementor-widget-text-editor\" data-id=\"02e118a\" data-element_type=\"widget\" data-e-type=\"widget\" data-widget_type=\"text-editor.default\">\n\t\t\t\t<div class=\"elementor-widget-container\">\n\t\t\t\t\t\t\t\t\t<ul><li>Jahrgang 1974<\/li><li>Studium der Betriebswirtschaftslehre mit den Schwerpunkten Finanz- und Rechnungswesen sowie Personalwesen, <strong>Diplom-Betriebswirt<\/strong> (BA)<\/li><li>20 Jahre Managementerfahrung im Innendienst, Regionalvertrieb, Projektgesch\u00e4ft und Salesmanagement f\u00fcr Deutschland, Europa und MiddleEast sowie als Gesamtvertriebsleiter, Prokurist und Gesch\u00e4ftsleitungsmitglied.<\/li><li>Weiterbildung zum <strong>Agile Coach <\/strong>(Institut Thonet Berlin) sowie <strong>MBA in Business Consulting <\/strong>(Hochschule Wismar)<\/li><li>Trainer und Berater f\u00fcr Projektvertrieb<\/li><li>Seit 2023 Inhaber der Unternehmensberatung Hero Products &amp; People GmbH (www.herostrategy.de)<\/li><li>Seit 2025 Gesellschafter der Unternehmensberatung ID-Developers GmbH (<u>www.id-developers.com<\/u>)<\/li><li>Initiator und Veranstalter der Green Hospitality Conference Hamburg zusammen mit Peter Joehnk<\/li><\/ul>\t\t\t\t\t\t\t\t<\/div>\n\t\t\t\t<\/div>\n\t\t\t\t\t<\/div>\n\t\t<\/div>\n\t\t\t\t\t<\/div>\n\t\t<\/section>\n\t\t\t\t\t<\/div>\n\t\t<\/div>\n\t\t\t\t\t<\/div>\n\t\t<\/section>\n\t\t\t\t<section class=\"elementor-section elementor-top-section elementor-element elementor-element-9741a98 elementor-section-boxed elementor-section-height-default elementor-section-height-default\" data-id=\"9741a98\" data-element_type=\"section\" data-e-type=\"section\">\n\t\t\t\t\t\t<div class=\"elementor-container elementor-column-gap-default\">\n\t\t\t\t\t<div class=\"elementor-column elementor-col-100 elementor-top-column elementor-element elementor-element-e8b0920\" data-id=\"e8b0920\" data-element_type=\"column\" data-e-type=\"column\">\n\t\t\t<div class=\"elementor-widget-wrap elementor-element-populated\">\n\t\t\t\t\t\t<section class=\"elementor-section elementor-inner-section elementor-element elementor-element-9193a2f elementor-section-full_width elementor-section-height-default elementor-section-height-default\" data-id=\"9193a2f\" data-element_type=\"section\" data-e-type=\"section\">\n\t\t\t\t\t\t<div class=\"elementor-container elementor-column-gap-default\">\n\t\t\t\t\t<div class=\"elementor-column elementor-col-100 elementor-inner-column elementor-element elementor-element-52af762\" data-id=\"52af762\" data-element_type=\"column\" data-e-type=\"column\" data-settings=\"{&quot;background_background&quot;:&quot;classic&quot;}\">\n\t\t\t<div class=\"elementor-widget-wrap elementor-element-populated\">\n\t\t\t\t\t\t<div class=\"elementor-element elementor-element-cc4721b elementor-widget elementor-widget-video\" data-id=\"cc4721b\" data-element_type=\"widget\" data-e-type=\"widget\" data-settings=\"{&quot;video_type&quot;:&quot;hosted&quot;,&quot;autoplay&quot;:&quot;yes&quot;}\" data-widget_type=\"video.default\">\n\t\t\t\t<div class=\"elementor-widget-container\">\n\t\t\t\t\t\t\t<div class=\"e-hosted-video elementor-wrapper elementor-open-inline\">\n\t\t\t\t\t<video class=\"elementor-video\" src=\"https:\/\/herostrategy.de\/wp-content\/uploads\/2025\/02\/HERO_Germany_Video_1280x720_1-1.mp4\" autoplay=\"\" controlsList=\"nodownload\"><\/video>\n\t\t\t\t<\/div>\n\t\t\t\t\t\t<\/div>\n\t\t\t\t<\/div>\n\t\t\t\t\t<\/div>\n\t\t<\/div>\n\t\t\t\t\t<\/div>\n\t\t<\/section>\n\t\t\t\t\t<\/div>\n\t\t<\/div>\n\t\t\t\t\t<\/div>\n\t\t<\/section>\n\t\t<div class=\"elementor-element elementor-element-51f9bd0 animated-slow e-flex e-con-boxed elementor-invisible e-con e-parent\" data-id=\"51f9bd0\" data-element_type=\"container\" data-e-type=\"container\" data-settings=\"{&quot;background_background&quot;:&quot;classic&quot;,&quot;animation&quot;:&quot;fadeIn&quot;}\">\n\t\t\t\t\t<div class=\"e-con-inner\">\n\t\t\t\t<div class=\"elementor-element elementor-element-a431d8d elementor-widget elementor-widget-heading\" data-id=\"a431d8d\" data-element_type=\"widget\" data-e-type=\"widget\" data-widget_type=\"heading.default\">\n\t\t\t\t<div class=\"elementor-widget-container\">\n\t\t\t\t\t<h1 class=\"elementor-heading-title elementor-size-default\">Wir beantworten gerne Ihre Anfragen. Nehmen Sie Kontakt auf.<\/h1>\t\t\t\t<\/div>\n\t\t\t\t<\/div>\n\t\t\t\t<div class=\"elementor-element elementor-element-6e0e5f3 elementor-icon-list--layout-traditional elementor-list-item-link-full_width elementor-widget elementor-widget-icon-list\" data-id=\"6e0e5f3\" data-element_type=\"widget\" data-e-type=\"widget\" data-widget_type=\"icon-list.default\">\n\t\t\t\t<div class=\"elementor-widget-container\">\n\t\t\t\t\t\t\t<ul class=\"elementor-icon-list-items\">\n\t\t\t\t\t\t\t<li class=\"elementor-icon-list-item\">\n\t\t\t\t\t\t\t\t\t\t\t<span class=\"elementor-icon-list-icon\">\n\t\t\t\t\t\t\t<svg aria-hidden=\"true\" class=\"e-font-icon-svg e-fas-phone-square\" viewBox=\"0 0 448 512\" xmlns=\"http:\/\/www.w3.org\/2000\/svg\"><path d=\"M400 32H48C21.49 32 0 53.49 0 80v352c0 26.51 21.49 48 48 48h352c26.51 0 48-21.49 48-48V80c0-26.51-21.49-48-48-48zM94 416c-7.033 0-13.057-4.873-14.616-11.627l-14.998-65a15 15 0 0 1 8.707-17.16l69.998-29.999a15 15 0 0 1 17.518 4.289l30.997 37.885c48.944-22.963 88.297-62.858 110.781-110.78l-37.886-30.997a15.001 15.001 0 0 1-4.289-17.518l30-69.998a15 15 0 0 1 17.16-8.707l65 14.998A14.997 14.997 0 0 1 384 126c0 160.292-129.945 290-290 290z\"><\/path><\/svg>\t\t\t\t\t\t<\/span>\n\t\t\t\t\t\t\t\t\t\t<span class=\"elementor-icon-list-text\">+49 (0) 176 601 501 59<\/span>\n\t\t\t\t\t\t\t\t\t<\/li>\n\t\t\t\t\t\t<\/ul>\n\t\t\t\t\t\t<\/div>\n\t\t\t\t<\/div>\n\t\t\t\t<div class=\"elementor-element elementor-element-3f0eec1 elementor-button-align-stretch elementor-widget elementor-widget-form\" data-id=\"3f0eec1\" data-element_type=\"widget\" data-e-type=\"widget\" data-settings=\"{&quot;button_width&quot;:&quot;25&quot;,&quot;step_next_label&quot;:&quot;N\\u00e4chster&quot;,&quot;step_previous_label&quot;:&quot;Voriger&quot;,&quot;step_type&quot;:&quot;number_text&quot;,&quot;step_icon_shape&quot;:&quot;circle&quot;}\" data-widget_type=\"form.default\">\n\t\t\t\t<div class=\"elementor-widget-container\">\n\t\t\t\t\t\t\t<form class=\"elementor-form\" method=\"post\" name=\"Neues Formular\" aria-label=\"Neues Formular\">\n\t\t\t<input type=\"hidden\" name=\"post_id\" value=\"1614\"\/>\n\t\t\t<input type=\"hidden\" name=\"form_id\" value=\"3f0eec1\"\/>\n\t\t\t<input type=\"hidden\" name=\"referer_title\" value=\"Dominik Tanner. Branchenkenner und Strategie-Berater.\" \/>\n\n\t\t\t\t\t\t\t<input type=\"hidden\" name=\"queried_id\" value=\"1614\"\/>\n\t\t\t\n\t\t\t<div class=\"elementor-form-fields-wrapper elementor-labels-above\">\n\t\t\t\t\t\t\t\t<div class=\"elementor-field-type-text elementor-field-group elementor-column elementor-field-group-name elementor-col-50\">\n\t\t\t\t\t\t\t\t\t\t\t\t\t<input size=\"1\" type=\"text\" name=\"form_fields[name]\" id=\"form-field-name\" class=\"elementor-field elementor-size-sm  elementor-field-textual\" placeholder=\"Name\">\n\t\t\t\t\t\t\t\t\t\t\t<\/div>\n\t\t\t\t\t\t\t\t<div class=\"elementor-field-type-text elementor-field-group elementor-column elementor-field-group-field_49c00e5 elementor-col-50\">\n\t\t\t\t\t\t\t\t\t\t\t\t\t<input size=\"1\" type=\"text\" name=\"form_fields[field_49c00e5]\" id=\"form-field-field_49c00e5\" class=\"elementor-field elementor-size-sm  elementor-field-textual\" placeholder=\"Nachname\">\n\t\t\t\t\t\t\t\t\t\t\t<\/div>\n\t\t\t\t\t\t\t\t<div class=\"elementor-field-type-email elementor-field-group elementor-column elementor-field-group-email elementor-col-50 elementor-field-required\">\n\t\t\t\t\t\t\t\t\t\t\t\t\t<input size=\"1\" type=\"email\" name=\"form_fields[email]\" id=\"form-field-email\" class=\"elementor-field elementor-size-sm  elementor-field-textual\" placeholder=\"E-Mail\" required=\"required\">\n\t\t\t\t\t\t\t\t\t\t\t<\/div>\n\t\t\t\t\t\t\t\t<div class=\"elementor-field-type-tel elementor-field-group elementor-column elementor-field-group-field_d091cf7 elementor-col-50 elementor-field-required\">\n\t\t\t\t\t\t\t<input size=\"1\" type=\"tel\" name=\"form_fields[field_d091cf7]\" id=\"form-field-field_d091cf7\" class=\"elementor-field elementor-size-sm  elementor-field-textual\" placeholder=\"Telefon\" required=\"required\" pattern=\"[0-9()#&amp;+*-=.]+\" title=\"Only numbers and phone characters (#, -, *, etc) are accepted.\">\n\n\t\t\t\t\t\t<\/div>\n\t\t\t\t\t\t\t\t<div class=\"elementor-field-type-textarea elementor-field-group elementor-column elementor-field-group-message elementor-col-100\">\n\t\t\t\t\t<textarea class=\"elementor-field-textual elementor-field  elementor-size-sm\" name=\"form_fields[message]\" id=\"form-field-message\" rows=\"7\" placeholder=\"Nachricht\"><\/textarea>\t\t\t\t<\/div>\n\t\t\t\t\t\t\t\t<div class=\"elementor-field-type-recaptcha_v3 elementor-field-group elementor-column elementor-field-group-field_9f3303c elementor-col-100 recaptcha_v3-bottomright\">\n\t\t\t\t\t<div class=\"elementor-field\" id=\"form-field-field_9f3303c\"><div class=\"elementor-g-recaptcha\" data-sitekey=\"6LeCguQqAAAAAOlkxQtvZQma61npxN5_uVTLqHu2\" data-type=\"v3\" data-action=\"Form\" data-badge=\"bottomright\" data-size=\"invisible\"><\/div><\/div>\t\t\t\t<\/div>\n\t\t\t\t\t\t\t\t<div class=\"elementor-field-group elementor-column elementor-field-type-submit elementor-col-25 e-form__buttons\">\n\t\t\t\t\t<button class=\"elementor-button elementor-size-sm\" type=\"submit\">\n\t\t\t\t\t\t<span class=\"elementor-button-content-wrapper\">\n\t\t\t\t\t\t\t\t\t\t\t\t\t\t\t\t\t\t\t\t\t\t<span class=\"elementor-button-text\">Senden<\/span>\n\t\t\t\t\t\t\t\t\t\t\t\t\t<\/span>\n\t\t\t\t\t<\/button>\n\t\t\t\t<\/div>\n\t\t\t<\/div>\n\t\t<\/form>\n\t\t\t\t\t\t<\/div>\n\t\t\t\t<\/div>\n\t\t\t\t\t<\/div>\n\t\t\t\t<\/div>\n\t\t\t\t<\/div>\n\t\t","protected":false},"excerpt":{"rendered":"<p>Dominik Tanner. Branchenkenner und passionierter Strategie-Berater. Jahrgang 1974 Studium der Betriebswirtschaftslehre mit den Schwerpunkten Finanz- und Rechnungswesen sowie Personalwesen, Diplom-Betriebswirt (BA) 20 Jahre Managementerfahrung im Innendienst, Regionalvertrieb, Projektgesch\u00e4ft und Salesmanagement f\u00fcr Deutschland, Europa und MiddleEast sowie als Gesamtvertriebsleiter, Prokurist und Gesch\u00e4ftsleitungsmitglied. Weiterbildung zum Agile Coach (Institut Thonet Berlin) sowie MBA in Business Consulting (Hochschule Wismar) [&hellip;]<\/p>\n","protected":false},"author":3,"featured_media":0,"parent":0,"menu_order":0,"comment_status":"closed","ping_status":"closed","template":"elementor_header_footer","meta":{"footnotes":""},"class_list":["post-1614","page","type-page","status-publish","hentry"],"yoast_head":"<!-- This site is optimized with the Yoast SEO plugin v26.9 - https:\/\/yoast.com\/product\/yoast-seo-wordpress\/ -->\n<title>Dominik Tanner. Branchenkenner und Strategie-Berater.<\/title>\n<meta name=\"description\" content=\"Spezialisten f\u00fcr Vertrieb und Markteintritt in Deutschland. Key Account Management, Handelsvertretung und Unternehmensrepr\u00e4sentanz.\" \/>\n<meta name=\"robots\" content=\"index, follow, max-snippet:-1, max-image-preview:large, max-video-preview:-1\" \/>\n<link rel=\"canonical\" href=\"https:\/\/herostrategy.de\/en\/hero-kontakt\/\" \/>\n<meta property=\"og:locale\" content=\"en_GB\" \/>\n<meta property=\"og:type\" content=\"article\" \/>\n<meta property=\"og:title\" content=\"Dominik Tanner. Branchenkenner und Strategie-Berater.\" \/>\n<meta property=\"og:description\" content=\"Spezialisten f\u00fcr Vertrieb und Markteintritt in Deutschland. Key Account Management, Handelsvertretung und Unternehmensrepr\u00e4sentanz.\" \/>\n<meta property=\"og:url\" content=\"https:\/\/herostrategy.de\/en\/hero-kontakt\/\" \/>\n<meta property=\"og:site_name\" content=\"HERO Strategy\" \/>\n<meta property=\"article:modified_time\" content=\"2025-10-06T10:33:33+00:00\" \/>\n<meta property=\"og:image\" content=\"https:\/\/herostrategy.de\/wp-content\/uploads\/2024\/07\/HERO_Kontakt_Header_1-1.png\" \/>\n<meta name=\"twitter:card\" content=\"summary_large_image\" \/>\n<meta name=\"twitter:label1\" content=\"Estimated reading time\" \/>\n\t<meta name=\"twitter:data1\" content=\"1 minute\" \/>\n<script type=\"application\/ld+json\" class=\"yoast-schema-graph\">{\"@context\":\"https:\/\/schema.org\",\"@graph\":[{\"@type\":\"WebPage\",\"@id\":\"https:\/\/herostrategy.de\/hero-kontakt\/\",\"url\":\"https:\/\/herostrategy.de\/hero-kontakt\/\",\"name\":\"Dominik Tanner. Branchenkenner und Strategie-Berater.\",\"isPartOf\":{\"@id\":\"https:\/\/herostrategy.de\/#website\"},\"primaryImageOfPage\":{\"@id\":\"https:\/\/herostrategy.de\/hero-kontakt\/#primaryimage\"},\"image\":{\"@id\":\"https:\/\/herostrategy.de\/hero-kontakt\/#primaryimage\"},\"thumbnailUrl\":\"https:\/\/herostrategy.de\/wp-content\/uploads\/2024\/07\/HERO_Kontakt_Header_1-1.png\",\"datePublished\":\"2024-07-24T11:41:45+00:00\",\"dateModified\":\"2025-10-06T10:33:33+00:00\",\"description\":\"Spezialisten f\u00fcr Vertrieb und Markteintritt in Deutschland. Key Account Management, Handelsvertretung und Unternehmensrepr\u00e4sentanz.\",\"breadcrumb\":{\"@id\":\"https:\/\/herostrategy.de\/hero-kontakt\/#breadcrumb\"},\"inLanguage\":\"en-GB\",\"potentialAction\":[{\"@type\":\"ReadAction\",\"target\":[\"https:\/\/herostrategy.de\/hero-kontakt\/\"]}]},{\"@type\":\"ImageObject\",\"inLanguage\":\"en-GB\",\"@id\":\"https:\/\/herostrategy.de\/hero-kontakt\/#primaryimage\",\"url\":\"https:\/\/herostrategy.de\/wp-content\/uploads\/2024\/07\/HERO_Kontakt_Header_1-1.png\",\"contentUrl\":\"https:\/\/herostrategy.de\/wp-content\/uploads\/2024\/07\/HERO_Kontakt_Header_1-1.png\"},{\"@type\":\"BreadcrumbList\",\"@id\":\"https:\/\/herostrategy.de\/hero-kontakt\/#breadcrumb\",\"itemListElement\":[{\"@type\":\"ListItem\",\"position\":1,\"name\":\"Startseite\",\"item\":\"https:\/\/herostrategy.de\/\"},{\"@type\":\"ListItem\",\"position\":2,\"name\":\"HERO Kontakt\"}]},{\"@type\":\"WebSite\",\"@id\":\"https:\/\/herostrategy.de\/#website\",\"url\":\"https:\/\/herostrategy.de\/\",\"name\":\"HERO Strategy - Produkt & People GmbH\",\"description\":\"Products &amp; People GmbH\",\"publisher\":{\"@id\":\"https:\/\/herostrategy.de\/#organization\"},\"potentialAction\":[{\"@type\":\"SearchAction\",\"target\":{\"@type\":\"EntryPoint\",\"urlTemplate\":\"https:\/\/herostrategy.de\/?s={search_term_string}\"},\"query-input\":{\"@type\":\"PropertyValueSpecification\",\"valueRequired\":true,\"valueName\":\"search_term_string\"}}],\"inLanguage\":\"en-GB\"},{\"@type\":\"Organization\",\"@id\":\"https:\/\/herostrategy.de\/#organization\",\"name\":\"HERO Strategy - Produkt & People GmbH\",\"url\":\"https:\/\/herostrategy.de\/\",\"logo\":{\"@type\":\"ImageObject\",\"inLanguage\":\"en-GB\",\"@id\":\"https:\/\/herostrategy.de\/#\/schema\/logo\/image\/\",\"url\":\"https:\/\/herostrategy.de\/wp-content\/uploads\/2023\/03\/cropped-HERO_Logo_RGB2.png\",\"contentUrl\":\"https:\/\/herostrategy.de\/wp-content\/uploads\/2023\/03\/cropped-HERO_Logo_RGB2.png\",\"width\":512,\"height\":512,\"caption\":\"HERO Strategy - Produkt & People GmbH\"},\"image\":{\"@id\":\"https:\/\/herostrategy.de\/#\/schema\/logo\/image\/\"}}]}<\/script>\n<!-- \/ Yoast SEO plugin. -->","yoast_head_json":{"title":"Dominik Tanner. Branchenkenner und Strategie-Berater.","description":"Spezialisten f\u00fcr Vertrieb und Markteintritt in Deutschland. Key Account Management, Handelsvertretung und Unternehmensrepr\u00e4sentanz.","robots":{"index":"index","follow":"follow","max-snippet":"max-snippet:-1","max-image-preview":"max-image-preview:large","max-video-preview":"max-video-preview:-1"},"canonical":"https:\/\/herostrategy.de\/en\/hero-kontakt\/","og_locale":"en_GB","og_type":"article","og_title":"Dominik Tanner. Branchenkenner und Strategie-Berater.","og_description":"Spezialisten f\u00fcr Vertrieb und Markteintritt in Deutschland. Key Account Management, Handelsvertretung und Unternehmensrepr\u00e4sentanz.","og_url":"https:\/\/herostrategy.de\/en\/hero-kontakt\/","og_site_name":"HERO Strategy","article_modified_time":"2025-10-06T10:33:33+00:00","og_image":[{"url":"https:\/\/herostrategy.de\/wp-content\/uploads\/2024\/07\/HERO_Kontakt_Header_1-1.png","type":"","width":"","height":""}],"twitter_card":"summary_large_image","twitter_misc":{"Estimated reading time":"1 minute"},"schema":{"@context":"https:\/\/schema.org","@graph":[{"@type":"WebPage","@id":"https:\/\/herostrategy.de\/hero-kontakt\/","url":"https:\/\/herostrategy.de\/hero-kontakt\/","name":"Dominik Tanner. Branchenkenner und Strategie-Berater.","isPartOf":{"@id":"https:\/\/herostrategy.de\/#website"},"primaryImageOfPage":{"@id":"https:\/\/herostrategy.de\/hero-kontakt\/#primaryimage"},"image":{"@id":"https:\/\/herostrategy.de\/hero-kontakt\/#primaryimage"},"thumbnailUrl":"https:\/\/herostrategy.de\/wp-content\/uploads\/2024\/07\/HERO_Kontakt_Header_1-1.png","datePublished":"2024-07-24T11:41:45+00:00","dateModified":"2025-10-06T10:33:33+00:00","description":"Spezialisten f\u00fcr Vertrieb und Markteintritt in Deutschland. Key Account Management, Handelsvertretung und Unternehmensrepr\u00e4sentanz.","breadcrumb":{"@id":"https:\/\/herostrategy.de\/hero-kontakt\/#breadcrumb"},"inLanguage":"en-GB","potentialAction":[{"@type":"ReadAction","target":["https:\/\/herostrategy.de\/hero-kontakt\/"]}]},{"@type":"ImageObject","inLanguage":"en-GB","@id":"https:\/\/herostrategy.de\/hero-kontakt\/#primaryimage","url":"https:\/\/herostrategy.de\/wp-content\/uploads\/2024\/07\/HERO_Kontakt_Header_1-1.png","contentUrl":"https:\/\/herostrategy.de\/wp-content\/uploads\/2024\/07\/HERO_Kontakt_Header_1-1.png"},{"@type":"BreadcrumbList","@id":"https:\/\/herostrategy.de\/hero-kontakt\/#breadcrumb","itemListElement":[{"@type":"ListItem","position":1,"name":"Startseite","item":"https:\/\/herostrategy.de\/"},{"@type":"ListItem","position":2,"name":"HERO Kontakt"}]},{"@type":"WebSite","@id":"https:\/\/herostrategy.de\/#website","url":"https:\/\/herostrategy.de\/","name":"HERO Strategy - Produkt & People GmbH","description":"Products &amp; People GmbH","publisher":{"@id":"https:\/\/herostrategy.de\/#organization"},"potentialAction":[{"@type":"SearchAction","target":{"@type":"EntryPoint","urlTemplate":"https:\/\/herostrategy.de\/?s={search_term_string}"},"query-input":{"@type":"PropertyValueSpecification","valueRequired":true,"valueName":"search_term_string"}}],"inLanguage":"en-GB"},{"@type":"Organization","@id":"https:\/\/herostrategy.de\/#organization","name":"HERO Strategy - Produkt & People GmbH","url":"https:\/\/herostrategy.de\/","logo":{"@type":"ImageObject","inLanguage":"en-GB","@id":"https:\/\/herostrategy.de\/#\/schema\/logo\/image\/","url":"https:\/\/herostrategy.de\/wp-content\/uploads\/2023\/03\/cropped-HERO_Logo_RGB2.png","contentUrl":"https:\/\/herostrategy.de\/wp-content\/uploads\/2023\/03\/cropped-HERO_Logo_RGB2.png","width":512,"height":512,"caption":"HERO Strategy - Produkt & People GmbH"},"image":{"@id":"https:\/\/herostrategy.de\/#\/schema\/logo\/image\/"}}]}},"_links":{"self":[{"href":"https:\/\/herostrategy.de\/en\/wp-json\/wp\/v2\/pages\/1614","targetHints":{"allow":["GET"]}}],"collection":[{"href":"https:\/\/herostrategy.de\/en\/wp-json\/wp\/v2\/pages"}],"about":[{"href":"https:\/\/herostrategy.de\/en\/wp-json\/wp\/v2\/types\/page"}],"author":[{"embeddable":true,"href":"https:\/\/herostrategy.de\/en\/wp-json\/wp\/v2\/users\/3"}],"replies":[{"embeddable":true,"href":"https:\/\/herostrategy.de\/en\/wp-json\/wp\/v2\/comments?post=1614"}],"version-history":[{"count":59,"href":"https:\/\/herostrategy.de\/en\/wp-json\/wp\/v2\/pages\/1614\/revisions"}],"predecessor-version":[{"id":2871,"href":"https:\/\/herostrategy.de\/en\/wp-json\/wp\/v2\/pages\/1614\/revisions\/2871"}],"wp:attachment":[{"href":"https:\/\/herostrategy.de\/en\/wp-json\/wp\/v2\/media?parent=1614"}],"curies":[{"name":"wp","href":"https:\/\/api.w.org\/{rel}","templated":true}]}}