{"id":484,"date":"2023-02-24T12:20:03","date_gmt":"2023-02-24T12:20:03","guid":{"rendered":"https:\/\/herostrategy.de\/?page_id=484"},"modified":"2023-04-19T14:34:31","modified_gmt":"2023-04-19T14:34:31","slug":"definierte-module-mit-festen-preisen","status":"publish","type":"page","link":"https:\/\/herostrategy.de\/en\/definierte-module-mit-festen-preisen\/","title":{"rendered":"HERO MODULE"},"content":{"rendered":"<div data-elementor-type=\"wp-page\" data-elementor-id=\"484\" class=\"elementor elementor-484\" data-elementor-post-type=\"page\">\n\t\t\t\t\t\t<section class=\"elementor-section elementor-top-section elementor-element elementor-element-9221d99 elementor-section-boxed elementor-section-height-default elementor-section-height-default\" data-id=\"9221d99\" data-element_type=\"section\" data-e-type=\"section\">\n\t\t\t\t\t\t<div class=\"elementor-container elementor-column-gap-default\">\n\t\t\t\t\t<div class=\"elementor-column elementor-col-100 elementor-top-column elementor-element elementor-element-c5a4dfc\" data-id=\"c5a4dfc\" data-element_type=\"column\" data-e-type=\"column\" data-settings=\"{&quot;background_background&quot;:&quot;classic&quot;}\">\n\t\t\t<div class=\"elementor-widget-wrap elementor-element-populated\">\n\t\t\t\t\t<div class=\"elementor-background-overlay\"><\/div>\n\t\t\t\t\t\t<div class=\"elementor-element elementor-element-783be27 elementor-widget elementor-widget-text-editor\" data-id=\"783be27\" data-element_type=\"widget\" data-e-type=\"widget\" data-widget_type=\"text-editor.default\">\n\t\t\t\t<div class=\"elementor-widget-container\">\n\t\t\t\t\t\t\t\t\t<p style=\"font-weight: 400;\">Defined modules with fixed prices. No superfluous frills.<strong> Flexibility and transparency. Surprisingly affordable.<\/strong><\/p>\t\t\t\t\t\t\t\t<\/div>\n\t\t\t\t<\/div>\n\t\t\t\t\t<\/div>\n\t\t<\/div>\n\t\t\t\t\t<\/div>\n\t\t<\/section>\n\t\t\t\t<section class=\"elementor-section elementor-top-section elementor-element elementor-element-be0b552 elementor-section-boxed elementor-section-height-default elementor-section-height-default\" data-id=\"be0b552\" data-element_type=\"section\" data-e-type=\"section\">\n\t\t\t\t\t\t<div class=\"elementor-container elementor-column-gap-default\">\n\t\t\t\t\t<div class=\"elementor-column elementor-col-50 elementor-top-column elementor-element elementor-element-cadf01e\" data-id=\"cadf01e\" data-element_type=\"column\" data-e-type=\"column\" data-settings=\"{&quot;background_background&quot;:&quot;classic&quot;}\">\n\t\t\t<div class=\"elementor-widget-wrap elementor-element-populated\">\n\t\t\t\t\t<div class=\"elementor-background-overlay\"><\/div>\n\t\t\t\t\t\t<div class=\"elementor-element elementor-element-a033460 elementor-widget elementor-widget-text-editor\" data-id=\"a033460\" data-element_type=\"widget\" data-e-type=\"widget\" data-widget_type=\"text-editor.default\">\n\t\t\t\t<div class=\"elementor-widget-container\">\n\t\t\t\t\t\t\t\t\t<p>Markeintrittsberatung f\u00fcr den deutschen Markt<\/p>\t\t\t\t\t\t\t\t<\/div>\n\t\t\t\t<\/div>\n\t\t\t\t<div class=\"elementor-element elementor-element-ffb70bf elementor-widget__width-initial elementor-widget elementor-widget-image\" data-id=\"ffb70bf\" data-element_type=\"widget\" data-e-type=\"widget\" data-widget_type=\"image.default\">\n\t\t\t\t<div class=\"elementor-widget-container\">\n\t\t\t\t\t\t\t\t\t\t\t\t\t\t\t<img fetchpriority=\"high\" decoding=\"async\" width=\"592\" height=\"592\" src=\"https:\/\/herostrategy.de\/wp-content\/uploads\/2023\/02\/HERO_Logo_RGB2.svg\" class=\"attachment-large size-large wp-image-699\" alt=\"\" \/>\t\t\t\t\t\t\t\t\t\t\t\t\t\t\t<\/div>\n\t\t\t\t<\/div>\n\t\t\t\t<div class=\"elementor-element elementor-element-5b6197f elementor-align-right elementor-widget__width-auto elementor-mobile-align-right elementor-widget-tablet__width-inherit elementor-widget-mobile__width-inherit elementor-widget elementor-widget-button\" data-id=\"5b6197f\" data-element_type=\"widget\" data-e-type=\"widget\" data-widget_type=\"button.default\">\n\t\t\t\t<div class=\"elementor-widget-container\">\n\t\t\t\t\t\t\t\t\t<div class=\"elementor-button-wrapper\">\n\t\t\t\t\t<a class=\"elementor-button elementor-button-link elementor-size-sm\" href=\"http:\/\/herostrategy.de\/en\/hm-markteintritt-de\/\">\n\t\t\t\t\t\t<span class=\"elementor-button-content-wrapper\">\n\t\t\t\t\t\t\t\t\t<span class=\"elementor-button-text\">Read more<\/span>\n\t\t\t\t\t<\/span>\n\t\t\t\t\t<\/a>\n\t\t\t\t<\/div>\n\t\t\t\t\t\t\t\t<\/div>\n\t\t\t\t<\/div>\n\t\t\t\t\t<\/div>\n\t\t<\/div>\n\t\t\t\t<div class=\"elementor-column elementor-col-50 elementor-top-column elementor-element elementor-element-a7eaba7\" data-id=\"a7eaba7\" data-element_type=\"column\" data-e-type=\"column\" data-settings=\"{&quot;background_background&quot;:&quot;classic&quot;}\">\n\t\t\t<div class=\"elementor-widget-wrap elementor-element-populated\">\n\t\t\t\t\t<div class=\"elementor-background-overlay\"><\/div>\n\t\t\t\t\t\t<div class=\"elementor-element elementor-element-ca0ec3c elementor-widget elementor-widget-text-editor\" data-id=\"ca0ec3c\" data-element_type=\"widget\" data-e-type=\"widget\" data-widget_type=\"text-editor.default\">\n\t\t\t\t<div class=\"elementor-widget-container\">\n\t\t\t\t\t\t\t\t\t<p><strong>Markteintrittsberatung f\u00fcr erweiterten Markt:<\/strong><\/p><div>Nordamerika, Italien, Israel und Malta<\/div>\t\t\t\t\t\t\t\t<\/div>\n\t\t\t\t<\/div>\n\t\t\t\t<div class=\"elementor-element elementor-element-dd228e2 elementor-widget elementor-widget-spacer\" data-id=\"dd228e2\" data-element_type=\"widget\" data-e-type=\"widget\" data-widget_type=\"spacer.default\">\n\t\t\t\t<div class=\"elementor-widget-container\">\n\t\t\t\t\t\t\t<div class=\"elementor-spacer\">\n\t\t\t<div class=\"elementor-spacer-inner\"><\/div>\n\t\t<\/div>\n\t\t\t\t\t\t<\/div>\n\t\t\t\t<\/div>\n\t\t\t\t<div class=\"elementor-element elementor-element-f54afb0 elementor-align-right elementor-mobile-align-right elementor-widget__width-inherit elementor-widget-mobile__width-inherit elementor-widget elementor-widget-button\" data-id=\"f54afb0\" data-element_type=\"widget\" data-e-type=\"widget\" data-widget_type=\"button.default\">\n\t\t\t\t<div class=\"elementor-widget-container\">\n\t\t\t\t\t\t\t\t\t<div class=\"elementor-button-wrapper\">\n\t\t\t\t\t<a class=\"elementor-button elementor-button-link elementor-size-sm\" href=\"http:\/\/herostrategy.de\/en\/hm-markteintritt-usa-italien-und-israel\/\">\n\t\t\t\t\t\t<span class=\"elementor-button-content-wrapper\">\n\t\t\t\t\t\t\t\t\t<span class=\"elementor-button-text\">Read more<\/span>\n\t\t\t\t\t<\/span>\n\t\t\t\t\t<\/a>\n\t\t\t\t<\/div>\n\t\t\t\t\t\t\t\t<\/div>\n\t\t\t\t<\/div>\n\t\t\t\t\t<\/div>\n\t\t<\/div>\n\t\t\t\t\t<\/div>\n\t\t<\/section>\n\t\t\t\t<section class=\"elementor-section elementor-top-section elementor-element elementor-element-156e846 elementor-section-boxed elementor-section-height-default elementor-section-height-default\" data-id=\"156e846\" data-element_type=\"section\" data-e-type=\"section\">\n\t\t\t\t\t\t<div class=\"elementor-container elementor-column-gap-default\">\n\t\t\t\t\t<div class=\"elementor-column elementor-col-50 elementor-top-column elementor-element elementor-element-1175ae9\" data-id=\"1175ae9\" data-element_type=\"column\" data-e-type=\"column\">\n\t\t\t<div class=\"elementor-widget-wrap\">\n\t\t\t\t\t\t\t<\/div>\n\t\t<\/div>\n\t\t\t\t<div class=\"elementor-column elementor-col-50 elementor-top-column elementor-element elementor-element-b62f5d5\" data-id=\"b62f5d5\" data-element_type=\"column\" data-e-type=\"column\">\n\t\t\t<div class=\"elementor-widget-wrap\">\n\t\t\t\t\t\t\t<\/div>\n\t\t<\/div>\n\t\t\t\t\t<\/div>\n\t\t<\/section>\n\t\t\t\t<\/div>","protected":false},"excerpt":{"rendered":"<p>Definierte Module mit festen Preisen. Kein \u00fcberfl\u00fcssiger Schnickschnack. Flexibilit\u00e4t und Transparenz. \u00dcberraschend g\u00fcnstig. Markeintrittsberatung f\u00fcr den deutschen Markt Mehr Erfahren Markteintrittsberatung f\u00fcr erweiterten Markt: Nordamerika, Italien, Israel und Malta Mehr erfahren<\/p>","protected":false},"author":3,"featured_media":0,"parent":0,"menu_order":0,"comment_status":"closed","ping_status":"closed","template":"elementor_header_footer","meta":{"footnotes":""},"class_list":["post-484","page","type-page","status-publish","hentry"],"yoast_head":"<!-- This site is optimized with the Yoast SEO plugin v26.9 - https:\/\/yoast.com\/product\/yoast-seo-wordpress\/ -->\n<title>Definierte Markteintritt Module mit festen Preisen -<\/title>\n<meta name=\"description\" content=\"Definierte Markteintritt Module mit festen Preisen. Kein \u00fcberfl\u00fcssiger Schnickschnack. Flexibilit\u00e4t und Transparenz. \u00dcberraschend g\u00fcnstig.\" \/>\n<meta name=\"robots\" content=\"index, follow, max-snippet:-1, max-image-preview:large, max-video-preview:-1\" \/>\n<link rel=\"canonical\" href=\"https:\/\/herostrategy.de\/en\/definierte-module-mit-festen-preisen\/\" \/>\n<meta property=\"og:locale\" content=\"en_GB\" \/>\n<meta property=\"og:type\" content=\"article\" \/>\n<meta property=\"og:title\" content=\"Definierte Markteintritt Module mit festen Preisen -\" \/>\n<meta property=\"og:description\" content=\"Definierte Markteintritt Module mit festen Preisen. Kein \u00fcberfl\u00fcssiger Schnickschnack. Flexibilit\u00e4t und Transparenz. \u00dcberraschend g\u00fcnstig.\" \/>\n<meta property=\"og:url\" content=\"https:\/\/herostrategy.de\/en\/definierte-module-mit-festen-preisen\/\" \/>\n<meta property=\"og:site_name\" content=\"HERO Strategy\" \/>\n<meta property=\"article:modified_time\" content=\"2023-04-19T14:34:31+00:00\" \/>\n<meta property=\"og:image\" content=\"https:\/\/herostrategy.de\/wp-content\/uploads\/2023\/02\/HERO_Logo_RGB2.svg\" \/>\n<meta name=\"twitter:card\" content=\"summary_large_image\" \/>\n<meta name=\"twitter:label1\" content=\"Estimated reading time\" \/>\n\t<meta name=\"twitter:data1\" content=\"1 minute\" \/>\n<script type=\"application\/ld+json\" class=\"yoast-schema-graph\">{\"@context\":\"https:\/\/schema.org\",\"@graph\":[{\"@type\":\"WebPage\",\"@id\":\"https:\/\/herostrategy.de\/definierte-module-mit-festen-preisen\/\",\"url\":\"https:\/\/herostrategy.de\/definierte-module-mit-festen-preisen\/\",\"name\":\"Definierte Markteintritt Module mit festen Preisen -\",\"isPartOf\":{\"@id\":\"https:\/\/herostrategy.de\/#website\"},\"primaryImageOfPage\":{\"@id\":\"https:\/\/herostrategy.de\/definierte-module-mit-festen-preisen\/#primaryimage\"},\"image\":{\"@id\":\"https:\/\/herostrategy.de\/definierte-module-mit-festen-preisen\/#primaryimage\"},\"thumbnailUrl\":\"https:\/\/herostrategy.de\/wp-content\/uploads\/2023\/02\/HERO_Logo_RGB2.svg\",\"datePublished\":\"2023-02-24T12:20:03+00:00\",\"dateModified\":\"2023-04-19T14:34:31+00:00\",\"description\":\"Definierte Markteintritt Module mit festen Preisen. Kein \u00fcberfl\u00fcssiger Schnickschnack. Flexibilit\u00e4t und Transparenz. \u00dcberraschend g\u00fcnstig.\",\"breadcrumb\":{\"@id\":\"https:\/\/herostrategy.de\/definierte-module-mit-festen-preisen\/#breadcrumb\"},\"inLanguage\":\"en-GB\",\"potentialAction\":[{\"@type\":\"ReadAction\",\"target\":[\"https:\/\/herostrategy.de\/definierte-module-mit-festen-preisen\/\"]}]},{\"@type\":\"ImageObject\",\"inLanguage\":\"en-GB\",\"@id\":\"https:\/\/herostrategy.de\/definierte-module-mit-festen-preisen\/#primaryimage\",\"url\":\"https:\/\/herostrategy.de\/wp-content\/uploads\/2023\/02\/HERO_Logo_RGB2.svg\",\"contentUrl\":\"https:\/\/herostrategy.de\/wp-content\/uploads\/2023\/02\/HERO_Logo_RGB2.svg\"},{\"@type\":\"BreadcrumbList\",\"@id\":\"https:\/\/herostrategy.de\/definierte-module-mit-festen-preisen\/#breadcrumb\",\"itemListElement\":[{\"@type\":\"ListItem\",\"position\":1,\"name\":\"Startseite\",\"item\":\"https:\/\/herostrategy.de\/\"},{\"@type\":\"ListItem\",\"position\":2,\"name\":\"HERO MODULE\"}]},{\"@type\":\"WebSite\",\"@id\":\"https:\/\/herostrategy.de\/#website\",\"url\":\"https:\/\/herostrategy.de\/\",\"name\":\"HERO Strategy - Produkt & People GmbH\",\"description\":\"Products &amp; People GmbH\",\"publisher\":{\"@id\":\"https:\/\/herostrategy.de\/#organization\"},\"potentialAction\":[{\"@type\":\"SearchAction\",\"target\":{\"@type\":\"EntryPoint\",\"urlTemplate\":\"https:\/\/herostrategy.de\/?s={search_term_string}\"},\"query-input\":{\"@type\":\"PropertyValueSpecification\",\"valueRequired\":true,\"valueName\":\"search_term_string\"}}],\"inLanguage\":\"en-GB\"},{\"@type\":\"Organization\",\"@id\":\"https:\/\/herostrategy.de\/#organization\",\"name\":\"HERO Strategy - Produkt & People GmbH\",\"url\":\"https:\/\/herostrategy.de\/\",\"logo\":{\"@type\":\"ImageObject\",\"inLanguage\":\"en-GB\",\"@id\":\"https:\/\/herostrategy.de\/#\/schema\/logo\/image\/\",\"url\":\"https:\/\/herostrategy.de\/wp-content\/uploads\/2023\/03\/cropped-HERO_Logo_RGB2.png\",\"contentUrl\":\"https:\/\/herostrategy.de\/wp-content\/uploads\/2023\/03\/cropped-HERO_Logo_RGB2.png\",\"width\":512,\"height\":512,\"caption\":\"HERO Strategy - Produkt & People GmbH\"},\"image\":{\"@id\":\"https:\/\/herostrategy.de\/#\/schema\/logo\/image\/\"}}]}<\/script>\n<!-- \/ Yoast SEO plugin. -->","yoast_head_json":{"title":"Definierte Markteintritt Module mit festen Preisen -","description":"Definierte Markteintritt Module mit festen Preisen. Kein \u00fcberfl\u00fcssiger Schnickschnack. Flexibilit\u00e4t und Transparenz. \u00dcberraschend g\u00fcnstig.","robots":{"index":"index","follow":"follow","max-snippet":"max-snippet:-1","max-image-preview":"max-image-preview:large","max-video-preview":"max-video-preview:-1"},"canonical":"https:\/\/herostrategy.de\/en\/definierte-module-mit-festen-preisen\/","og_locale":"en_GB","og_type":"article","og_title":"Definierte Markteintritt Module mit festen Preisen -","og_description":"Definierte Markteintritt Module mit festen Preisen. Kein \u00fcberfl\u00fcssiger Schnickschnack. Flexibilit\u00e4t und Transparenz. \u00dcberraschend g\u00fcnstig.","og_url":"https:\/\/herostrategy.de\/en\/definierte-module-mit-festen-preisen\/","og_site_name":"HERO Strategy","article_modified_time":"2023-04-19T14:34:31+00:00","og_image":[{"url":"https:\/\/herostrategy.de\/wp-content\/uploads\/2023\/02\/HERO_Logo_RGB2.svg","type":"","width":"","height":""}],"twitter_card":"summary_large_image","twitter_misc":{"Estimated reading time":"1 minute"},"schema":{"@context":"https:\/\/schema.org","@graph":[{"@type":"WebPage","@id":"https:\/\/herostrategy.de\/definierte-module-mit-festen-preisen\/","url":"https:\/\/herostrategy.de\/definierte-module-mit-festen-preisen\/","name":"Definierte Markteintritt Module mit festen Preisen -","isPartOf":{"@id":"https:\/\/herostrategy.de\/#website"},"primaryImageOfPage":{"@id":"https:\/\/herostrategy.de\/definierte-module-mit-festen-preisen\/#primaryimage"},"image":{"@id":"https:\/\/herostrategy.de\/definierte-module-mit-festen-preisen\/#primaryimage"},"thumbnailUrl":"https:\/\/herostrategy.de\/wp-content\/uploads\/2023\/02\/HERO_Logo_RGB2.svg","datePublished":"2023-02-24T12:20:03+00:00","dateModified":"2023-04-19T14:34:31+00:00","description":"Definierte Markteintritt Module mit festen Preisen. Kein \u00fcberfl\u00fcssiger Schnickschnack. Flexibilit\u00e4t und Transparenz. \u00dcberraschend g\u00fcnstig.","breadcrumb":{"@id":"https:\/\/herostrategy.de\/definierte-module-mit-festen-preisen\/#breadcrumb"},"inLanguage":"en-GB","potentialAction":[{"@type":"ReadAction","target":["https:\/\/herostrategy.de\/definierte-module-mit-festen-preisen\/"]}]},{"@type":"ImageObject","inLanguage":"en-GB","@id":"https:\/\/herostrategy.de\/definierte-module-mit-festen-preisen\/#primaryimage","url":"https:\/\/herostrategy.de\/wp-content\/uploads\/2023\/02\/HERO_Logo_RGB2.svg","contentUrl":"https:\/\/herostrategy.de\/wp-content\/uploads\/2023\/02\/HERO_Logo_RGB2.svg"},{"@type":"BreadcrumbList","@id":"https:\/\/herostrategy.de\/definierte-module-mit-festen-preisen\/#breadcrumb","itemListElement":[{"@type":"ListItem","position":1,"name":"Startseite","item":"https:\/\/herostrategy.de\/"},{"@type":"ListItem","position":2,"name":"HERO MODULE"}]},{"@type":"WebSite","@id":"https:\/\/herostrategy.de\/#website","url":"https:\/\/herostrategy.de\/","name":"HERO Strategy - Produkt & People GmbH","description":"Products &amp; People GmbH","publisher":{"@id":"https:\/\/herostrategy.de\/#organization"},"potentialAction":[{"@type":"SearchAction","target":{"@type":"EntryPoint","urlTemplate":"https:\/\/herostrategy.de\/?s={search_term_string}"},"query-input":{"@type":"PropertyValueSpecification","valueRequired":true,"valueName":"search_term_string"}}],"inLanguage":"en-GB"},{"@type":"Organization","@id":"https:\/\/herostrategy.de\/#organization","name":"HERO Strategy - Produkt & People GmbH","url":"https:\/\/herostrategy.de\/","logo":{"@type":"ImageObject","inLanguage":"en-GB","@id":"https:\/\/herostrategy.de\/#\/schema\/logo\/image\/","url":"https:\/\/herostrategy.de\/wp-content\/uploads\/2023\/03\/cropped-HERO_Logo_RGB2.png","contentUrl":"https:\/\/herostrategy.de\/wp-content\/uploads\/2023\/03\/cropped-HERO_Logo_RGB2.png","width":512,"height":512,"caption":"HERO Strategy - Produkt & People GmbH"},"image":{"@id":"https:\/\/herostrategy.de\/#\/schema\/logo\/image\/"}}]}},"_links":{"self":[{"href":"https:\/\/herostrategy.de\/en\/wp-json\/wp\/v2\/pages\/484","targetHints":{"allow":["GET"]}}],"collection":[{"href":"https:\/\/herostrategy.de\/en\/wp-json\/wp\/v2\/pages"}],"about":[{"href":"https:\/\/herostrategy.de\/en\/wp-json\/wp\/v2\/types\/page"}],"author":[{"embeddable":true,"href":"https:\/\/herostrategy.de\/en\/wp-json\/wp\/v2\/users\/3"}],"replies":[{"embeddable":true,"href":"https:\/\/herostrategy.de\/en\/wp-json\/wp\/v2\/comments?post=484"}],"version-history":[{"count":0,"href":"https:\/\/herostrategy.de\/en\/wp-json\/wp\/v2\/pages\/484\/revisions"}],"wp:attachment":[{"href":"https:\/\/herostrategy.de\/en\/wp-json\/wp\/v2\/media?parent=484"}],"curies":[{"name":"wp","href":"https:\/\/api.w.org\/{rel}","templated":true}]}}